{"id":12797,"date":"2025-12-16T18:51:25","date_gmt":"2025-12-16T16:51:25","guid":{"rendered":"https:\/\/ursus.ee\/toode\/kirsikivieemaldaja-2\/"},"modified":"2026-03-27T16:14:37","modified_gmt":"2026-03-27T14:14:37","slug":"kirsikivieemaldaja-2","status":"publish","type":"product","link":"https:\/\/ursus.ee\/en\/toode\/kirsikivieemaldaja-2\/","title":{"rendered":"Kirsikivieemaldaja"},"content":{"rendered":"<p>Leifheit ComfortLine kirsikivieemaldaja eemaldab kiiresti ja lihtsasti kivid ka pehme viljalihaga marjade seest ilma marju liigselt l\u00f5hkumata. Kirsikivieemaldajal on v\u00e4ike konteiner eemaldatud kivide kogumiseks. Marjade mahl ei pritsi laiali ning pinnad j\u00e4\u00e4vad puhtaks. Eemaldaja korpusel on spetsiaalne lohk s\u00f5rmedele mugavamaks kasutamiseks. Kompaktne hoiustamiseks. Sobilik ka oliivikivide eemaldamiseks.<\/p>\n","protected":false},"excerpt":{"rendered":"<p>Leifheit ComfortLine kirsikivieemaldaja eemaldab kiiresti ja lihtsasti kivid ka pehme viljalihaga marjade seest ilma marju liigselt l\u00f5hkumata. Kirsikivieemaldajal on v\u00e4ike konteiner eemaldatud kivide kogumiseks. Marjade mahl ei pritsi laiali ning pinnad j\u00e4\u00e4vad puhtaks. Eemaldaja korpusel on spetsiaalne lohk s\u00f5rmedele mugavamaks kasutamiseks. Kompaktne hoiustamiseks. Sobilik ka oliivikivide eemaldamiseks.<\/p>\n","protected":false},"featured_media":12798,"comment_status":"closed","ping_status":"open","template":"","meta":{"_acf_changed":false},"product_brand":[472],"product_cat":[405,490],"product_tag":[],"class_list":{"0":"post-12797","1":"product","2":"type-product","3":"status-publish","4":"has-post-thumbnail","6":"product_brand-leifheit","7":"product_cat-koogitarbed","8":"product_cat-koogitarvikud","9":"pa_kogus-1-tk","10":"pa_paritolumaa-saksamaa","11":"pa_uhik-tk","13":"first","14":"instock","15":"purchasable","16":"product-type-simple"},"acf":[],"_links":{"self":[{"href":"https:\/\/ursus.ee\/en\/wp-json\/wp\/v2\/product\/12797","targetHints":{"allow":["GET"]}}],"collection":[{"href":"https:\/\/ursus.ee\/en\/wp-json\/wp\/v2\/product"}],"about":[{"href":"https:\/\/ursus.ee\/en\/wp-json\/wp\/v2\/types\/product"}],"replies":[{"embeddable":true,"href":"https:\/\/ursus.ee\/en\/wp-json\/wp\/v2\/comments?post=12797"}],"wp:featuredmedia":[{"embeddable":true,"href":"https:\/\/ursus.ee\/en\/wp-json\/wp\/v2\/media\/12798"}],"wp:attachment":[{"href":"https:\/\/ursus.ee\/en\/wp-json\/wp\/v2\/media?parent=12797"}],"wp:term":[{"taxonomy":"product_brand","embeddable":true,"href":"https:\/\/ursus.ee\/en\/wp-json\/wp\/v2\/product_brand?post=12797"},{"taxonomy":"product_cat","embeddable":true,"href":"https:\/\/ursus.ee\/en\/wp-json\/wp\/v2\/product_cat?post=12797"},{"taxonomy":"product_tag","embeddable":true,"href":"https:\/\/ursus.ee\/en\/wp-json\/wp\/v2\/product_tag?post=12797"}],"curies":[{"name":"wp","href":"https:\/\/api.w.org\/{rel}","templated":true}]}}