{"id":12790,"date":"2025-12-16T18:51:25","date_gmt":"2025-12-16T16:51:25","guid":{"rendered":"https:\/\/ursus.ee\/toode\/spiraalloikur-lauale-2\/"},"modified":"2026-03-27T16:14:39","modified_gmt":"2026-03-27T14:14:39","slug":"spiraalloikur-lauale-2","status":"publish","type":"product","link":"https:\/\/ursus.ee\/en\/toode\/spiraalloikur-lauale-2\/","title":{"rendered":"Spiraall\u00f5ikur lauale"},"content":{"rendered":"<p>Lauale kinnituva spiraall\u00f5ikuriga saate lihtsa vaevaga valmistada juurviljanuudleid, millest valmistada tervislikke ja vitamiinirikkaid roogasid. L\u00f5ikuril on kolm erinevat l\u00f5iketera erineva kujuga l\u00f5igete valmistamiseks &#8211; tagliatelle, peened spagetid ja j\u00e4medamad spagetid. Spiraall\u00f5ikur on sobilik eelk\u00f5ige pikliku kujuga viljadele, kuid sobib ka muude juurvilade l\u00f5ikamiseks &#8211; suvik\u00f5rvits, kurk, kartul, peet, nuikapsas jne. Turvaline s\u00f5rmekaitse kaitseb vigastuste eest, turvaline ja ohutu kasutada ning v\u00f5imaldab l\u00f5igatava vilja viilutada l\u00f5puni ilma selle s\u00f6\u00f6davat osa raiskamata. Spiraall\u00f5ikur kinnitub siledale t\u00f6\u00f6pinnale iminappade abil, mis takistavad selle nihkumist ja soovimatut liikumist. L\u00f5iketerad on valmistatud kvaliteetsest roostevabast terasest ning neid on lihtne pesta voolava vee all v\u00f5i n\u00f5udepesumasinas. L\u00f5ikur on hoiustamiseks laualt eemaldatav ja kompaktselt ning ruumis\u00e4\u00e4stlikult hoiustatav.<\/p>\n","protected":false},"excerpt":{"rendered":"<p>Lauale kinnituva spiraall\u00f5ikuriga saate lihtsa vaevaga valmistada juurviljanuudleid, millest valmistada tervislikke ja vitamiinirikkaid roogasid. L\u00f5ikuril on kolm erinevat l\u00f5iketera erineva kujuga l\u00f5igete valmistamiseks &#8211; tagliatelle, peened spagetid ja j\u00e4medamad spagetid. Spiraall\u00f5ikur on sobilik eelk\u00f5ige pikliku kujuga viljadele, kuid sobib ka muude juurvilade l\u00f5ikamiseks &#8211; suvik\u00f5rvits, kurk, kartul, peet, nuikapsas jne. Turvaline s\u00f5rmekaitse kaitseb vigastuste eest,<\/p>\n","protected":false},"featured_media":12791,"comment_status":"closed","ping_status":"open","template":"","meta":{"_acf_changed":false},"product_brand":[472],"product_cat":[405,490],"product_tag":[],"class_list":{"0":"post-12790","1":"product","2":"type-product","3":"status-publish","4":"has-post-thumbnail","6":"product_brand-leifheit","7":"product_cat-koogitarbed","8":"product_cat-koogitarvikud","9":"pa_kogus-1-tk","10":"pa_paritolumaa-saksamaa","11":"pa_uhik-tk","13":"first","14":"instock","15":"purchasable","16":"product-type-simple"},"acf":[],"_links":{"self":[{"href":"https:\/\/ursus.ee\/en\/wp-json\/wp\/v2\/product\/12790","targetHints":{"allow":["GET"]}}],"collection":[{"href":"https:\/\/ursus.ee\/en\/wp-json\/wp\/v2\/product"}],"about":[{"href":"https:\/\/ursus.ee\/en\/wp-json\/wp\/v2\/types\/product"}],"replies":[{"embeddable":true,"href":"https:\/\/ursus.ee\/en\/wp-json\/wp\/v2\/comments?post=12790"}],"wp:featuredmedia":[{"embeddable":true,"href":"https:\/\/ursus.ee\/en\/wp-json\/wp\/v2\/media\/12791"}],"wp:attachment":[{"href":"https:\/\/ursus.ee\/en\/wp-json\/wp\/v2\/media?parent=12790"}],"wp:term":[{"taxonomy":"product_brand","embeddable":true,"href":"https:\/\/ursus.ee\/en\/wp-json\/wp\/v2\/product_brand?post=12790"},{"taxonomy":"product_cat","embeddable":true,"href":"https:\/\/ursus.ee\/en\/wp-json\/wp\/v2\/product_cat?post=12790"},{"taxonomy":"product_tag","embeddable":true,"href":"https:\/\/ursus.ee\/en\/wp-json\/wp\/v2\/product_tag?post=12790"}],"curies":[{"name":"wp","href":"https:\/\/api.w.org\/{rel}","templated":true}]}}