{"id":12782,"date":"2025-12-16T18:51:25","date_gmt":"2025-12-16T16:51:25","guid":{"rendered":"https:\/\/ursus.ee\/toode\/kuuslauguloikur-2\/"},"modified":"2026-03-27T16:14:39","modified_gmt":"2026-03-27T14:14:39","slug":"kuuslauguloikur-2","status":"publish","type":"product","link":"https:\/\/ursus.ee\/en\/toode\/kuuslauguloikur-2\/","title":{"rendered":"K\u00fc\u00fcslaugul\u00f5ikur"},"content":{"rendered":"<p>K\u00fc\u00fcslaugu, ingveri viilutamiseks sobiv l\u00f5ikur. Teeb v\u00e4ga \u00f5hukesed viilud, ca 0,8mm. Suur mahutavus. S\u00e4ilituskonteiner, mis hoiab toidu v\u00e4rske ja s\u00e4ilitab aroomid. Roostevabast terasest terad.<\/p>\n","protected":false},"excerpt":{"rendered":"<p>K\u00fc\u00fcslaugu, ingveri viilutamiseks sobiv l\u00f5ikur. Teeb v\u00e4ga \u00f5hukesed viilud, ca 0,8mm. Suur mahutavus. S\u00e4ilituskonteiner, mis hoiab toidu v\u00e4rske ja s\u00e4ilitab aroomid. Roostevabast terasest terad.<\/p>\n","protected":false},"featured_media":12783,"comment_status":"closed","ping_status":"open","template":"","meta":{"_acf_changed":false},"product_brand":[472],"product_cat":[405,490],"product_tag":[],"class_list":{"0":"post-12782","1":"product","2":"type-product","3":"status-publish","4":"has-post-thumbnail","6":"product_brand-leifheit","7":"product_cat-koogitarbed","8":"product_cat-koogitarvikud","9":"pa_kogus-1-tk","10":"pa_paritolumaa-saksamaa","11":"pa_uhik-tk","13":"first","14":"instock","15":"purchasable","16":"product-type-simple"},"acf":[],"_links":{"self":[{"href":"https:\/\/ursus.ee\/en\/wp-json\/wp\/v2\/product\/12782","targetHints":{"allow":["GET"]}}],"collection":[{"href":"https:\/\/ursus.ee\/en\/wp-json\/wp\/v2\/product"}],"about":[{"href":"https:\/\/ursus.ee\/en\/wp-json\/wp\/v2\/types\/product"}],"replies":[{"embeddable":true,"href":"https:\/\/ursus.ee\/en\/wp-json\/wp\/v2\/comments?post=12782"}],"wp:featuredmedia":[{"embeddable":true,"href":"https:\/\/ursus.ee\/en\/wp-json\/wp\/v2\/media\/12783"}],"wp:attachment":[{"href":"https:\/\/ursus.ee\/en\/wp-json\/wp\/v2\/media?parent=12782"}],"wp:term":[{"taxonomy":"product_brand","embeddable":true,"href":"https:\/\/ursus.ee\/en\/wp-json\/wp\/v2\/product_brand?post=12782"},{"taxonomy":"product_cat","embeddable":true,"href":"https:\/\/ursus.ee\/en\/wp-json\/wp\/v2\/product_cat?post=12782"},{"taxonomy":"product_tag","embeddable":true,"href":"https:\/\/ursus.ee\/en\/wp-json\/wp\/v2\/product_tag?post=12782"}],"curies":[{"name":"wp","href":"https:\/\/api.w.org\/{rel}","templated":true}]}}