{"id":12775,"date":"2025-12-16T18:51:25","date_gmt":"2025-12-16T16:51:25","guid":{"rendered":"https:\/\/ursus.ee\/toode\/universaalne-riivkomplekt-comfortline-2\/"},"modified":"2026-03-27T16:14:38","modified_gmt":"2026-03-27T14:14:38","slug":"universaalne-riivkomplekt-comfortline-2","status":"publish","type":"product","link":"https:\/\/ursus.ee\/en\/toode\/universaalne-riivkomplekt-comfortline-2\/","title":{"rendered":"Universaalne riivkomplekt Comfortline"},"content":{"rendered":"<p>5-osaline riivikomplekt: V-kujuline tomativiilutaja, reguleeritava paksusega k\u00f6\u00f6givilja viilutaja, j\u00e4me ja peen riiv, kartuliriiv. Komplekt sisaldab ohutuks kasutamiseks s\u00f5rmekaitset. Materjalid: roostevaba teras, plastik. M\u00f5\u00f5dud: 32,7&#215;13,4x7cm. Lubatud pesta n\u00f5udepesumasinas.<\/p>\n","protected":false},"excerpt":{"rendered":"<p>5-osaline riivikomplekt: V-kujuline tomativiilutaja, reguleeritava paksusega k\u00f6\u00f6givilja viilutaja, j\u00e4me ja peen riiv, kartuliriiv. Komplekt sisaldab ohutuks kasutamiseks s\u00f5rmekaitset. Materjalid: roostevaba teras, plastik. M\u00f5\u00f5dud: 32,7&#215;13,4x7cm. Lubatud pesta n\u00f5udepesumasinas.<\/p>\n","protected":false},"featured_media":12776,"comment_status":"closed","ping_status":"open","template":"","meta":{"_acf_changed":false},"product_brand":[472],"product_cat":[405,490],"product_tag":[],"class_list":{"0":"post-12775","1":"product","2":"type-product","3":"status-publish","4":"has-post-thumbnail","6":"product_brand-leifheit","7":"product_cat-koogitarbed","8":"product_cat-koogitarvikud","9":"pa_kogus-1-tk","10":"pa_paritolumaa-saksamaa","11":"pa_uhik-tk","13":"first","14":"instock","15":"purchasable","16":"product-type-simple"},"acf":[],"_links":{"self":[{"href":"https:\/\/ursus.ee\/en\/wp-json\/wp\/v2\/product\/12775","targetHints":{"allow":["GET"]}}],"collection":[{"href":"https:\/\/ursus.ee\/en\/wp-json\/wp\/v2\/product"}],"about":[{"href":"https:\/\/ursus.ee\/en\/wp-json\/wp\/v2\/types\/product"}],"replies":[{"embeddable":true,"href":"https:\/\/ursus.ee\/en\/wp-json\/wp\/v2\/comments?post=12775"}],"wp:featuredmedia":[{"embeddable":true,"href":"https:\/\/ursus.ee\/en\/wp-json\/wp\/v2\/media\/12776"}],"wp:attachment":[{"href":"https:\/\/ursus.ee\/en\/wp-json\/wp\/v2\/media?parent=12775"}],"wp:term":[{"taxonomy":"product_brand","embeddable":true,"href":"https:\/\/ursus.ee\/en\/wp-json\/wp\/v2\/product_brand?post=12775"},{"taxonomy":"product_cat","embeddable":true,"href":"https:\/\/ursus.ee\/en\/wp-json\/wp\/v2\/product_cat?post=12775"},{"taxonomy":"product_tag","embeddable":true,"href":"https:\/\/ursus.ee\/en\/wp-json\/wp\/v2\/product_tag?post=12775"}],"curies":[{"name":"wp","href":"https:\/\/api.w.org\/{rel}","templated":true}]}}