{"id":12773,"date":"2025-12-16T18:51:25","date_gmt":"2025-12-16T16:51:25","guid":{"rendered":"https:\/\/ursus.ee\/toode\/riiv-comfortline-kandiline-2\/"},"modified":"2026-03-27T16:14:38","modified_gmt":"2026-03-27T14:14:38","slug":"riiv-comfortline-kandiline-2","status":"publish","type":"product","link":"https:\/\/ursus.ee\/en\/toode\/riiv-comfortline-kandiline-2\/","title":{"rendered":"Riiv Comfortline, kandiline"},"content":{"rendered":"<p>K\u00f6\u00f6giriivi plastikust k\u00e4epide v\u00f5imaldab riivi lihtsalt k\u00e4sitseda ja paigal hoida. 4 erinevat poolt v\u00f5imaldab toiduaineid viilutada, riivide peenelt v\u00f5i j\u00e4medalt. Materjalid: roostevaba teras, plastik. M\u00f5\u00f5dud: 4&#215;10,7&#215;23,5cm. Pestav n\u00f5udepesumasinas.<\/p>\n","protected":false},"excerpt":{"rendered":"<p>K\u00f6\u00f6giriivi plastikust k\u00e4epide v\u00f5imaldab riivi lihtsalt k\u00e4sitseda ja paigal hoida. 4 erinevat poolt v\u00f5imaldab toiduaineid viilutada, riivide peenelt v\u00f5i j\u00e4medalt. Materjalid: roostevaba teras, plastik. M\u00f5\u00f5dud: 4&#215;10,7&#215;23,5cm. Pestav n\u00f5udepesumasinas.<\/p>\n","protected":false},"featured_media":14520,"comment_status":"closed","ping_status":"closed","template":"","meta":{"_acf_changed":false},"product_brand":[472],"product_cat":[405,490],"product_tag":[],"class_list":{"0":"post-12773","1":"product","2":"type-product","3":"status-publish","4":"has-post-thumbnail","6":"product_brand-leifheit","7":"product_cat-koogitarbed","8":"product_cat-koogitarvikud","9":"pa_kogus-1-tk","10":"pa_paritolumaa-saksamaa","11":"pa_uhik-tk","13":"first","14":"instock","15":"purchasable","16":"product-type-simple"},"acf":[],"_links":{"self":[{"href":"https:\/\/ursus.ee\/en\/wp-json\/wp\/v2\/product\/12773","targetHints":{"allow":["GET"]}}],"collection":[{"href":"https:\/\/ursus.ee\/en\/wp-json\/wp\/v2\/product"}],"about":[{"href":"https:\/\/ursus.ee\/en\/wp-json\/wp\/v2\/types\/product"}],"replies":[{"embeddable":true,"href":"https:\/\/ursus.ee\/en\/wp-json\/wp\/v2\/comments?post=12773"}],"wp:featuredmedia":[{"embeddable":true,"href":"https:\/\/ursus.ee\/en\/wp-json\/wp\/v2\/media\/14520"}],"wp:attachment":[{"href":"https:\/\/ursus.ee\/en\/wp-json\/wp\/v2\/media?parent=12773"}],"wp:term":[{"taxonomy":"product_brand","embeddable":true,"href":"https:\/\/ursus.ee\/en\/wp-json\/wp\/v2\/product_brand?post=12773"},{"taxonomy":"product_cat","embeddable":true,"href":"https:\/\/ursus.ee\/en\/wp-json\/wp\/v2\/product_cat?post=12773"},{"taxonomy":"product_tag","embeddable":true,"href":"https:\/\/ursus.ee\/en\/wp-json\/wp\/v2\/product_tag?post=12773"}],"curies":[{"name":"wp","href":"https:\/\/api.w.org\/{rel}","templated":true}]}}