{"id":12769,"date":"2025-12-16T18:51:25","date_gmt":"2025-12-16T16:51:25","guid":{"rendered":"https:\/\/ursus.ee\/toode\/hakkija-comfortclean-2\/"},"modified":"2026-03-27T16:14:38","modified_gmt":"2026-03-27T14:14:38","slug":"hakkija-comfortclean-2","status":"publish","type":"product","link":"https:\/\/ursus.ee\/en\/toode\/hakkija-comfortclean-2\/","title":{"rendered":"Hakkija Comfort&#038;Clean"},"content":{"rendered":"<p>Ideaalne vahend vurretehnoloogia baasil juurviljade, p\u00e4hklite, sibulate, maitsetaimede, \u0161okolaadi t\u00fckeldamiseks. Kogumiskausil on stabiilne p\u00f5hi. Lihtne puhastada.<\/p>\n","protected":false},"excerpt":{"rendered":"<p>Ideaalne vahend vurretehnoloogia baasil juurviljade, p\u00e4hklite, sibulate, maitsetaimede, \u0161okolaadi t\u00fckeldamiseks. Kogumiskausil on stabiilne p\u00f5hi. Lihtne puhastada.<\/p>\n","protected":false},"featured_media":13748,"comment_status":"closed","ping_status":"closed","template":"","meta":{"_acf_changed":false},"product_brand":[472],"product_cat":[405,490],"product_tag":[],"class_list":{"0":"post-12769","1":"product","2":"type-product","3":"status-publish","4":"has-post-thumbnail","6":"product_brand-leifheit","7":"product_cat-koogitarbed","8":"product_cat-koogitarvikud","9":"pa_kogus-1-tk","10":"pa_paritolumaa-saksamaa","11":"pa_uhik-tk","13":"first","14":"instock","15":"purchasable","16":"product-type-simple"},"acf":[],"_links":{"self":[{"href":"https:\/\/ursus.ee\/en\/wp-json\/wp\/v2\/product\/12769","targetHints":{"allow":["GET"]}}],"collection":[{"href":"https:\/\/ursus.ee\/en\/wp-json\/wp\/v2\/product"}],"about":[{"href":"https:\/\/ursus.ee\/en\/wp-json\/wp\/v2\/types\/product"}],"replies":[{"embeddable":true,"href":"https:\/\/ursus.ee\/en\/wp-json\/wp\/v2\/comments?post=12769"}],"wp:featuredmedia":[{"embeddable":true,"href":"https:\/\/ursus.ee\/en\/wp-json\/wp\/v2\/media\/13748"}],"wp:attachment":[{"href":"https:\/\/ursus.ee\/en\/wp-json\/wp\/v2\/media?parent=12769"}],"wp:term":[{"taxonomy":"product_brand","embeddable":true,"href":"https:\/\/ursus.ee\/en\/wp-json\/wp\/v2\/product_brand?post=12769"},{"taxonomy":"product_cat","embeddable":true,"href":"https:\/\/ursus.ee\/en\/wp-json\/wp\/v2\/product_cat?post=12769"},{"taxonomy":"product_tag","embeddable":true,"href":"https:\/\/ursus.ee\/en\/wp-json\/wp\/v2\/product_tag?post=12769"}],"curies":[{"name":"wp","href":"https:\/\/api.w.org\/{rel}","templated":true}]}}