{"id":12765,"date":"2025-12-16T18:51:25","date_gmt":"2025-12-16T16:51:25","guid":{"rendered":"https:\/\/ursus.ee\/toode\/kartuliloikur-2\/"},"modified":"2026-03-27T16:14:38","modified_gmt":"2026-03-27T14:14:38","slug":"kartuliloikur-2","status":"publish","type":"product","link":"https:\/\/ursus.ee\/en\/toode\/kartuliloikur-2\/","title":{"rendered":"Kartulil\u00f5ikur"},"content":{"rendered":"<p>Kr\u00f5bedad k\u00f6\u00f6giviljapulgad kaunistavad igat taldrikut. Kartulist saate valmistada ideaalsed friikartulid, juurviljadest ja teistest k\u00f6\u00f6giviljadest on Leifheiti l\u00f5ikuriga eriti lihtne valmistada suurep\u00e4rased ja identsed suupisted dipikastme k\u00f5rvale v\u00f5i ahjus k\u00fcpsetamiseks. Kaasas kaks erinevat l\u00f5iketera, suuremate ja v\u00e4iksemate viilude tegemiseks \u2013 10mm ja 12mm. Plastikraamiga \u00fcmbritsetud terasid saab kergelt ja ohutult vahetada. Ergonoomiline k\u00e4epide on mugav ja mittelibiseva kattega l\u00f5ikuri alus tagab stabiilsuse ning v\u00e4ldib seadme liikumist l\u00f5ikamise ajal. Peale l\u00f5ikamist lihtsalt loputage l\u00f5ikur voolava vee all ja soovi korral asetage ka n\u00f5udepesumasinasse.<\/p>\n","protected":false},"excerpt":{"rendered":"<p>Kr\u00f5bedad k\u00f6\u00f6giviljapulgad kaunistavad igat taldrikut. Kartulist saate valmistada ideaalsed friikartulid, juurviljadest ja teistest k\u00f6\u00f6giviljadest on Leifheiti l\u00f5ikuriga eriti lihtne valmistada suurep\u00e4rased ja identsed suupisted dipikastme k\u00f5rvale v\u00f5i ahjus k\u00fcpsetamiseks. Kaasas kaks erinevat l\u00f5iketera, suuremate ja v\u00e4iksemate viilude tegemiseks \u2013 10mm ja 12mm. Plastikraamiga \u00fcmbritsetud terasid saab kergelt ja ohutult vahetada. Ergonoomiline k\u00e4epide on mugav ja<\/p>\n","protected":false},"featured_media":12766,"comment_status":"closed","ping_status":"open","template":"","meta":{"_acf_changed":false},"product_brand":[472],"product_cat":[405,490],"product_tag":[],"class_list":{"0":"post-12765","1":"product","2":"type-product","3":"status-publish","4":"has-post-thumbnail","6":"product_brand-leifheit","7":"product_cat-koogitarbed","8":"product_cat-koogitarvikud","9":"pa_kogus-1-tk","10":"pa_paritolumaa-saksamaa","11":"pa_uhik-tk","13":"first","14":"instock","15":"purchasable","16":"product-type-simple"},"acf":[],"_links":{"self":[{"href":"https:\/\/ursus.ee\/en\/wp-json\/wp\/v2\/product\/12765","targetHints":{"allow":["GET"]}}],"collection":[{"href":"https:\/\/ursus.ee\/en\/wp-json\/wp\/v2\/product"}],"about":[{"href":"https:\/\/ursus.ee\/en\/wp-json\/wp\/v2\/types\/product"}],"replies":[{"embeddable":true,"href":"https:\/\/ursus.ee\/en\/wp-json\/wp\/v2\/comments?post=12765"}],"wp:featuredmedia":[{"embeddable":true,"href":"https:\/\/ursus.ee\/en\/wp-json\/wp\/v2\/media\/12766"}],"wp:attachment":[{"href":"https:\/\/ursus.ee\/en\/wp-json\/wp\/v2\/media?parent=12765"}],"wp:term":[{"taxonomy":"product_brand","embeddable":true,"href":"https:\/\/ursus.ee\/en\/wp-json\/wp\/v2\/product_brand?post=12765"},{"taxonomy":"product_cat","embeddable":true,"href":"https:\/\/ursus.ee\/en\/wp-json\/wp\/v2\/product_cat?post=12765"},{"taxonomy":"product_tag","embeddable":true,"href":"https:\/\/ursus.ee\/en\/wp-json\/wp\/v2\/product_tag?post=12765"}],"curies":[{"name":"wp","href":"https:\/\/api.w.org\/{rel}","templated":true}]}}