{"id":12756,"date":"2025-12-16T18:47:47","date_gmt":"2025-12-16T16:47:47","guid":{"rendered":"https:\/\/ursus.ee\/toode\/y-koorija-2\/"},"modified":"2026-03-27T16:14:39","modified_gmt":"2026-03-27T14:14:39","slug":"y-koorija-2","status":"publish","type":"product","link":"https:\/\/ursus.ee\/en\/toode\/y-koorija-2\/","title":{"rendered":"Y-koorija"},"content":{"rendered":"<p>Y-koorija kahetsooniline k\u00e4epide on valmistatud kahest erinevast plastikust, mis t\u00e4iendavad \u00fcksteist suurep\u00e4raselt. Valge plastik tagab stabiilsuse, puhtuse ja h\u00fcgieeni. Seal on trendikas punases v\u00e4rvis pehmed tsoonid, kus kasutamisel reageerib j\u00f5ud ja on tagatud libisemiskindlus. Need takistavad libisemist isegi m\u00e4rgade k\u00e4tega.<\/p>\n","protected":false},"excerpt":{"rendered":"<p>Y-koorija kahetsooniline k\u00e4epide on valmistatud kahest erinevast plastikust, mis t\u00e4iendavad \u00fcksteist suurep\u00e4raselt. Valge plastik tagab stabiilsuse, puhtuse ja h\u00fcgieeni. Seal on trendikas punases v\u00e4rvis pehmed tsoonid, kus kasutamisel reageerib j\u00f5ud ja on tagatud libisemiskindlus. Need takistavad libisemist isegi m\u00e4rgade k\u00e4tega.<\/p>\n","protected":false},"featured_media":12757,"comment_status":"closed","ping_status":"open","template":"","meta":{"_acf_changed":false},"product_brand":[472],"product_cat":[405,490],"product_tag":[],"class_list":{"0":"post-12756","1":"product","2":"type-product","3":"status-publish","4":"has-post-thumbnail","6":"product_brand-leifheit","7":"product_cat-koogitarbed","8":"product_cat-koogitarvikud","9":"pa_kogus-1-tk","10":"pa_paritolumaa-saksamaa","11":"pa_uhik-tk","13":"first","14":"instock","15":"purchasable","16":"product-type-simple"},"acf":[],"_links":{"self":[{"href":"https:\/\/ursus.ee\/en\/wp-json\/wp\/v2\/product\/12756","targetHints":{"allow":["GET"]}}],"collection":[{"href":"https:\/\/ursus.ee\/en\/wp-json\/wp\/v2\/product"}],"about":[{"href":"https:\/\/ursus.ee\/en\/wp-json\/wp\/v2\/types\/product"}],"replies":[{"embeddable":true,"href":"https:\/\/ursus.ee\/en\/wp-json\/wp\/v2\/comments?post=12756"}],"wp:featuredmedia":[{"embeddable":true,"href":"https:\/\/ursus.ee\/en\/wp-json\/wp\/v2\/media\/12757"}],"wp:attachment":[{"href":"https:\/\/ursus.ee\/en\/wp-json\/wp\/v2\/media?parent=12756"}],"wp:term":[{"taxonomy":"product_brand","embeddable":true,"href":"https:\/\/ursus.ee\/en\/wp-json\/wp\/v2\/product_brand?post=12756"},{"taxonomy":"product_cat","embeddable":true,"href":"https:\/\/ursus.ee\/en\/wp-json\/wp\/v2\/product_cat?post=12756"},{"taxonomy":"product_tag","embeddable":true,"href":"https:\/\/ursus.ee\/en\/wp-json\/wp\/v2\/product_tag?post=12756"}],"curies":[{"name":"wp","href":"https:\/\/api.w.org\/{rel}","templated":true}]}}