{"id":12753,"date":"2025-12-16T18:47:47","date_gmt":"2025-12-16T16:47:47","guid":{"rendered":"https:\/\/ursus.ee\/toode\/ounatukeldaja-metallist-2\/"},"modified":"2026-03-27T16:14:38","modified_gmt":"2026-03-27T14:14:38","slug":"ounatukeldaja-metallist-2","status":"publish","type":"product","link":"https:\/\/ursus.ee\/en\/toode\/ounatukeldaja-metallist-2\/","title":{"rendered":"\u00d5unat\u00fckeldaja metallist"},"content":{"rendered":"<p>Roostevabast terasest eriti teravad terad l\u00f5ikavad \u00f5una v\u00f5rdselt 12 viiluks. Eemaldab \u00f5unas\u00fcdamiku \u00fche liigutusega. Ideaalne nii k\u00fcpsetamiseks kui garneerimiseks. Lihtne puhastada jooksva vee all.<\/p>\n","protected":false},"excerpt":{"rendered":"<p>Roostevabast terasest eriti teravad terad l\u00f5ikavad \u00f5una v\u00f5rdselt 12 viiluks. Eemaldab \u00f5unas\u00fcdamiku \u00fche liigutusega. Ideaalne nii k\u00fcpsetamiseks kui garneerimiseks. Lihtne puhastada jooksva vee all.<\/p>\n","protected":false},"featured_media":12754,"comment_status":"closed","ping_status":"open","template":"","meta":{"_acf_changed":false},"product_brand":[472],"product_cat":[405,490],"product_tag":[],"class_list":{"0":"post-12753","1":"product","2":"type-product","3":"status-publish","4":"has-post-thumbnail","6":"product_brand-leifheit","7":"product_cat-koogitarbed","8":"product_cat-koogitarvikud","9":"pa_kogus-1-tk","10":"pa_paritolumaa-saksamaa","11":"pa_uhik-tk","13":"first","14":"instock","15":"purchasable","16":"product-type-simple"},"acf":[],"_links":{"self":[{"href":"https:\/\/ursus.ee\/en\/wp-json\/wp\/v2\/product\/12753","targetHints":{"allow":["GET"]}}],"collection":[{"href":"https:\/\/ursus.ee\/en\/wp-json\/wp\/v2\/product"}],"about":[{"href":"https:\/\/ursus.ee\/en\/wp-json\/wp\/v2\/types\/product"}],"replies":[{"embeddable":true,"href":"https:\/\/ursus.ee\/en\/wp-json\/wp\/v2\/comments?post=12753"}],"wp:featuredmedia":[{"embeddable":true,"href":"https:\/\/ursus.ee\/en\/wp-json\/wp\/v2\/media\/12754"}],"wp:attachment":[{"href":"https:\/\/ursus.ee\/en\/wp-json\/wp\/v2\/media?parent=12753"}],"wp:term":[{"taxonomy":"product_brand","embeddable":true,"href":"https:\/\/ursus.ee\/en\/wp-json\/wp\/v2\/product_brand?post=12753"},{"taxonomy":"product_cat","embeddable":true,"href":"https:\/\/ursus.ee\/en\/wp-json\/wp\/v2\/product_cat?post=12753"},{"taxonomy":"product_tag","embeddable":true,"href":"https:\/\/ursus.ee\/en\/wp-json\/wp\/v2\/product_tag?post=12753"}],"curies":[{"name":"wp","href":"https:\/\/api.w.org\/{rel}","templated":true}]}}