{"id":12743,"date":"2025-12-16T18:47:47","date_gmt":"2025-12-16T16:47:47","guid":{"rendered":"https:\/\/ursus.ee\/toode\/vispel-nailon-32cm-2\/"},"modified":"2026-03-27T16:14:39","modified_gmt":"2026-03-27T14:14:39","slug":"vispel-nailon-32cm-2","status":"publish","type":"product","link":"https:\/\/ursus.ee\/en\/toode\/vispel-nailon-32cm-2\/","title":{"rendered":"Vispel nailon 32cm"},"content":{"rendered":"<p>\u00d5huke elegantne disain kombineerituna kvaliteetse roostevaba terasega: Leifheiti vispli matt k\u00e4epide on ajatu h\u00f5bedase tooniga roostevabast terasest. Kuumakindlast nailonist (kuni 160\u00b0C) valmistatud vispli 17cm osa kaitseb pottide ja pannide tundlikke pinnakatteid. Vispli ovaalse kujuga k\u00e4epide asetub mugavalt ja kindlalt k\u00e4tte. Praktilise riputusaasaga, mida saab mugavalt riputada k\u00f6\u00f6gitarvikute hoidjale.<\/p>\n","protected":false},"excerpt":{"rendered":"<p>\u00d5huke elegantne disain kombineerituna kvaliteetse roostevaba terasega: Leifheiti vispli matt k\u00e4epide on ajatu h\u00f5bedase tooniga roostevabast terasest. Kuumakindlast nailonist (kuni 160\u00b0C) valmistatud vispli 17cm osa kaitseb pottide ja pannide tundlikke pinnakatteid. Vispli ovaalse kujuga k\u00e4epide asetub mugavalt ja kindlalt k\u00e4tte. Praktilise riputusaasaga, mida saab mugavalt riputada k\u00f6\u00f6gitarvikute hoidjale.<\/p>\n","protected":false},"featured_media":12744,"comment_status":"closed","ping_status":"open","template":"","meta":{"_acf_changed":false},"product_brand":[472],"product_cat":[405,490],"product_tag":[],"class_list":{"0":"post-12743","1":"product","2":"type-product","3":"status-publish","4":"has-post-thumbnail","6":"product_brand-leifheit","7":"product_cat-koogitarbed","8":"product_cat-koogitarvikud","9":"pa_kogus-1-tk","10":"pa_paritolumaa-saksamaa","11":"pa_uhik-tk","13":"first","14":"instock","15":"purchasable","16":"product-type-simple"},"acf":[],"_links":{"self":[{"href":"https:\/\/ursus.ee\/en\/wp-json\/wp\/v2\/product\/12743","targetHints":{"allow":["GET"]}}],"collection":[{"href":"https:\/\/ursus.ee\/en\/wp-json\/wp\/v2\/product"}],"about":[{"href":"https:\/\/ursus.ee\/en\/wp-json\/wp\/v2\/types\/product"}],"replies":[{"embeddable":true,"href":"https:\/\/ursus.ee\/en\/wp-json\/wp\/v2\/comments?post=12743"}],"wp:featuredmedia":[{"embeddable":true,"href":"https:\/\/ursus.ee\/en\/wp-json\/wp\/v2\/media\/12744"}],"wp:attachment":[{"href":"https:\/\/ursus.ee\/en\/wp-json\/wp\/v2\/media?parent=12743"}],"wp:term":[{"taxonomy":"product_brand","embeddable":true,"href":"https:\/\/ursus.ee\/en\/wp-json\/wp\/v2\/product_brand?post=12743"},{"taxonomy":"product_cat","embeddable":true,"href":"https:\/\/ursus.ee\/en\/wp-json\/wp\/v2\/product_cat?post=12743"},{"taxonomy":"product_tag","embeddable":true,"href":"https:\/\/ursus.ee\/en\/wp-json\/wp\/v2\/product_tag?post=12743"}],"curies":[{"name":"wp","href":"https:\/\/api.w.org\/{rel}","templated":true}]}}