{"id":12726,"date":"2025-12-16T18:47:47","date_gmt":"2025-12-16T16:47:47","guid":{"rendered":"https:\/\/ursus.ee\/toode\/pitsaloikur-proline-2\/"},"modified":"2026-03-27T16:14:39","modified_gmt":"2026-03-27T14:14:39","slug":"pitsaloikur-proline-2","status":"publish","type":"product","link":"https:\/\/ursus.ee\/en\/toode\/pitsaloikur-proline-2\/","title":{"rendered":"Pitsal\u00f5ikur Proline"},"content":{"rendered":"<p>Stiilne, lihtne, elegantne ja vastupidav ajatu disainiga k\u00f6\u00f6gitarvik. Ovaalse kujuga k\u00e4epide on valmistatud roostevabast terasest kombineerituna musta plastikuga. \u00dche lihtsa t\u00f5mbega saab pitsa viilutatud. Nailonserv v\u00f5imdaldab l\u00f5igata otse pannil ilma kriimustamata. N\u00f5udepesumasinas pestav.<\/p>\n","protected":false},"excerpt":{"rendered":"<p>Stiilne, lihtne, elegantne ja vastupidav ajatu disainiga k\u00f6\u00f6gitarvik. Ovaalse kujuga k\u00e4epide on valmistatud roostevabast terasest kombineerituna musta plastikuga. \u00dche lihtsa t\u00f5mbega saab pitsa viilutatud. Nailonserv v\u00f5imdaldab l\u00f5igata otse pannil ilma kriimustamata. N\u00f5udepesumasinas pestav.<\/p>\n","protected":false},"featured_media":12727,"comment_status":"closed","ping_status":"open","template":"","meta":{"_acf_changed":false},"product_brand":[472],"product_cat":[405,490],"product_tag":[],"class_list":{"0":"post-12726","1":"product","2":"type-product","3":"status-publish","4":"has-post-thumbnail","6":"product_brand-leifheit","7":"product_cat-koogitarbed","8":"product_cat-koogitarvikud","9":"pa_kogus-1-tk","10":"pa_paritolumaa-hiina","11":"pa_uhik-tk","13":"first","14":"instock","15":"purchasable","16":"product-type-simple"},"acf":[],"_links":{"self":[{"href":"https:\/\/ursus.ee\/en\/wp-json\/wp\/v2\/product\/12726","targetHints":{"allow":["GET"]}}],"collection":[{"href":"https:\/\/ursus.ee\/en\/wp-json\/wp\/v2\/product"}],"about":[{"href":"https:\/\/ursus.ee\/en\/wp-json\/wp\/v2\/types\/product"}],"replies":[{"embeddable":true,"href":"https:\/\/ursus.ee\/en\/wp-json\/wp\/v2\/comments?post=12726"}],"wp:featuredmedia":[{"embeddable":true,"href":"https:\/\/ursus.ee\/en\/wp-json\/wp\/v2\/media\/12727"}],"wp:attachment":[{"href":"https:\/\/ursus.ee\/en\/wp-json\/wp\/v2\/media?parent=12726"}],"wp:term":[{"taxonomy":"product_brand","embeddable":true,"href":"https:\/\/ursus.ee\/en\/wp-json\/wp\/v2\/product_brand?post=12726"},{"taxonomy":"product_cat","embeddable":true,"href":"https:\/\/ursus.ee\/en\/wp-json\/wp\/v2\/product_cat?post=12726"},{"taxonomy":"product_tag","embeddable":true,"href":"https:\/\/ursus.ee\/en\/wp-json\/wp\/v2\/product_tag?post=12726"}],"curies":[{"name":"wp","href":"https:\/\/api.w.org\/{rel}","templated":true}]}}