{"id":12711,"date":"2025-12-16T18:47:47","date_gmt":"2025-12-16T16:47:47","guid":{"rendered":"https:\/\/ursus.ee\/toode\/pannilabidas-sterling-nailon-2\/"},"modified":"2026-03-27T16:14:39","modified_gmt":"2026-03-27T14:14:39","slug":"pannilabidas-sterling-nailon-2","status":"publish","type":"product","link":"https:\/\/ursus.ee\/en\/toode\/pannilabidas-sterling-nailon-2\/","title":{"rendered":"Pannilabidas Sterling nailon"},"content":{"rendered":"<p>Toodet on mugav ja ohutu kasutada. Ovaalse kujuga k\u00e4epide v\u00f5imaldab lihtsat ja ohtut kasutamist. Praktilise aasaga, mis sobib riputamiseks Leifheit k\u00f6\u00f6gitarvikute raamile. Leifheit Sterling on klassikaline k\u00f6\u00f6giriistade sari, kus klassikaline ja elegantne disain on kombineeritud k\u00f5rgekvaliteedilise roostevaba terasega. Matid ja osaliselt l\u00e4ikivad elemendid on kombineeritud klassikalise h\u00f5bedase s\u00e4raga.<\/p>\n","protected":false},"excerpt":{"rendered":"<p>Toodet on mugav ja ohutu kasutada. Ovaalse kujuga k\u00e4epide v\u00f5imaldab lihtsat ja ohtut kasutamist. Praktilise aasaga, mis sobib riputamiseks Leifheit k\u00f6\u00f6gitarvikute raamile. Leifheit Sterling on klassikaline k\u00f6\u00f6giriistade sari, kus klassikaline ja elegantne disain on kombineeritud k\u00f5rgekvaliteedilise roostevaba terasega. Matid ja osaliselt l\u00e4ikivad elemendid on kombineeritud klassikalise h\u00f5bedase s\u00e4raga.<\/p>\n","protected":false},"featured_media":12712,"comment_status":"closed","ping_status":"open","template":"","meta":{"_acf_changed":false},"product_brand":[472],"product_cat":[405,490],"product_tag":[],"class_list":{"0":"post-12711","1":"product","2":"type-product","3":"status-publish","4":"has-post-thumbnail","6":"product_brand-leifheit","7":"product_cat-koogitarbed","8":"product_cat-koogitarvikud","9":"pa_kogus-1-tk","10":"pa_paritolumaa-saksamaa","11":"pa_uhik-tk","13":"first","14":"instock","15":"purchasable","16":"product-type-simple"},"acf":[],"_links":{"self":[{"href":"https:\/\/ursus.ee\/en\/wp-json\/wp\/v2\/product\/12711","targetHints":{"allow":["GET"]}}],"collection":[{"href":"https:\/\/ursus.ee\/en\/wp-json\/wp\/v2\/product"}],"about":[{"href":"https:\/\/ursus.ee\/en\/wp-json\/wp\/v2\/types\/product"}],"replies":[{"embeddable":true,"href":"https:\/\/ursus.ee\/en\/wp-json\/wp\/v2\/comments?post=12711"}],"wp:featuredmedia":[{"embeddable":true,"href":"https:\/\/ursus.ee\/en\/wp-json\/wp\/v2\/media\/12712"}],"wp:attachment":[{"href":"https:\/\/ursus.ee\/en\/wp-json\/wp\/v2\/media?parent=12711"}],"wp:term":[{"taxonomy":"product_brand","embeddable":true,"href":"https:\/\/ursus.ee\/en\/wp-json\/wp\/v2\/product_brand?post=12711"},{"taxonomy":"product_cat","embeddable":true,"href":"https:\/\/ursus.ee\/en\/wp-json\/wp\/v2\/product_cat?post=12711"},{"taxonomy":"product_tag","embeddable":true,"href":"https:\/\/ursus.ee\/en\/wp-json\/wp\/v2\/product_tag?post=12711"}],"curies":[{"name":"wp","href":"https:\/\/api.w.org\/{rel}","templated":true}]}}