{"id":12684,"date":"2025-12-16T18:45:36","date_gmt":"2025-12-16T16:45:36","guid":{"rendered":"https:\/\/ursus.ee\/toode\/koogitangid-30cm-2\/"},"modified":"2026-03-27T16:14:38","modified_gmt":"2026-03-27T14:14:38","slug":"koogitangid-30cm-2","status":"publish","type":"product","link":"https:\/\/ursus.ee\/en\/toode\/koogitangid-30cm-2\/","title":{"rendered":"K\u00f6\u00f6gitangid 30cm"},"content":{"rendered":"<p>Ideaalne delikaatseks t\u00f6\u00f6ks k\u00f6\u00f6gis: Leifheiti 30 cm pikkused pintsetid v\u00f5imaldavad lihtsalt roa p\u00f6\u00f6ramist, serveerimist v\u00f5i dekoreerimist. K\u00f6\u00f6gipintsettidega saab kaunistada roogasid, t\u00f6\u00f6delda \u00f5rnu koostisosi, eemaldada kalaluid v\u00f5i kaunistada kooke, \u0161okolaade jne. Pintsetid on valmistatud k\u00f5rgekvaliteedilisest roostevabast terasest, muutes need vastupidavaks ja n\u00f5udepesumasinas pestavaks.<\/p>\n","protected":false},"excerpt":{"rendered":"<p>Ideaalne delikaatseks t\u00f6\u00f6ks k\u00f6\u00f6gis: Leifheiti 30 cm pikkused pintsetid v\u00f5imaldavad lihtsalt roa p\u00f6\u00f6ramist, serveerimist v\u00f5i dekoreerimist. K\u00f6\u00f6gipintsettidega saab kaunistada roogasid, t\u00f6\u00f6delda \u00f5rnu koostisosi, eemaldada kalaluid v\u00f5i kaunistada kooke, \u0161okolaade jne. Pintsetid on valmistatud k\u00f5rgekvaliteedilisest roostevabast terasest, muutes need vastupidavaks ja n\u00f5udepesumasinas pestavaks.<\/p>\n","protected":false},"featured_media":12685,"comment_status":"closed","ping_status":"open","template":"","meta":{"_acf_changed":false},"product_brand":[472],"product_cat":[405,490],"product_tag":[],"class_list":{"0":"post-12684","1":"product","2":"type-product","3":"status-publish","4":"has-post-thumbnail","6":"product_brand-leifheit","7":"product_cat-koogitarbed","8":"product_cat-koogitarvikud","9":"pa_kogus-1-tk","10":"pa_paritolumaa-saksamaa","11":"pa_uhik-tk","13":"first","14":"instock","15":"purchasable","16":"product-type-simple"},"acf":[],"_links":{"self":[{"href":"https:\/\/ursus.ee\/en\/wp-json\/wp\/v2\/product\/12684","targetHints":{"allow":["GET"]}}],"collection":[{"href":"https:\/\/ursus.ee\/en\/wp-json\/wp\/v2\/product"}],"about":[{"href":"https:\/\/ursus.ee\/en\/wp-json\/wp\/v2\/types\/product"}],"replies":[{"embeddable":true,"href":"https:\/\/ursus.ee\/en\/wp-json\/wp\/v2\/comments?post=12684"}],"wp:featuredmedia":[{"embeddable":true,"href":"https:\/\/ursus.ee\/en\/wp-json\/wp\/v2\/media\/12685"}],"wp:attachment":[{"href":"https:\/\/ursus.ee\/en\/wp-json\/wp\/v2\/media?parent=12684"}],"wp:term":[{"taxonomy":"product_brand","embeddable":true,"href":"https:\/\/ursus.ee\/en\/wp-json\/wp\/v2\/product_brand?post=12684"},{"taxonomy":"product_cat","embeddable":true,"href":"https:\/\/ursus.ee\/en\/wp-json\/wp\/v2\/product_cat?post=12684"},{"taxonomy":"product_tag","embeddable":true,"href":"https:\/\/ursus.ee\/en\/wp-json\/wp\/v2\/product_tag?post=12684"}],"curies":[{"name":"wp","href":"https:\/\/api.w.org\/{rel}","templated":true}]}}