{"id":12660,"date":"2025-12-16T18:45:36","date_gmt":"2025-12-16T16:45:36","guid":{"rendered":"https:\/\/ursus.ee\/toode\/kartulitamp-proline-2\/"},"modified":"2026-03-27T16:14:38","modified_gmt":"2026-03-27T14:14:38","slug":"kartulitamp-proline-2","status":"publish","type":"product","link":"https:\/\/ursus.ee\/en\/toode\/kartulitamp-proline-2\/","title":{"rendered":"Kartulitamp Proline"},"content":{"rendered":"<p>Klassikaline ja samas elegantne Leifheit k\u00f6\u00f6gitarvikute sari ProLine seeria on k\u00f6\u00f6gi uhkuseks. Ovaalse kujuga k\u00e4epide on mugav kasutamiseks ja sellega on lihtne erinevaid k\u00f6\u00f6givilju purustada. Kartulitamp on valmistatud k\u00f5rgekvaliteetsest ning vastupidavast materjalist. K\u00e4epidemel spetsiaalne avaus Leifheit k\u00f6\u00f6gitarvikute hoidikule riputamiseks. M\u00f5\u00f5t: 28cm.<\/p>\n","protected":false},"excerpt":{"rendered":"<p>Klassikaline ja samas elegantne Leifheit k\u00f6\u00f6gitarvikute sari ProLine seeria on k\u00f6\u00f6gi uhkuseks. Ovaalse kujuga k\u00e4epide on mugav kasutamiseks ja sellega on lihtne erinevaid k\u00f6\u00f6givilju purustada. Kartulitamp on valmistatud k\u00f5rgekvaliteetsest ning vastupidavast materjalist. K\u00e4epidemel spetsiaalne avaus Leifheit k\u00f6\u00f6gitarvikute hoidikule riputamiseks. M\u00f5\u00f5t: 28cm.<\/p>\n","protected":false},"featured_media":12661,"comment_status":"closed","ping_status":"open","template":"","meta":{"_acf_changed":false},"product_brand":[472],"product_cat":[405,490],"product_tag":[],"class_list":{"0":"post-12660","1":"product","2":"type-product","3":"status-publish","4":"has-post-thumbnail","6":"product_brand-leifheit","7":"product_cat-koogitarbed","8":"product_cat-koogitarvikud","9":"pa_kogus-1-tk","10":"pa_paritolumaa-saksamaa","11":"pa_uhik-tk","13":"first","14":"instock","15":"purchasable","16":"product-type-simple"},"acf":[],"_links":{"self":[{"href":"https:\/\/ursus.ee\/en\/wp-json\/wp\/v2\/product\/12660","targetHints":{"allow":["GET"]}}],"collection":[{"href":"https:\/\/ursus.ee\/en\/wp-json\/wp\/v2\/product"}],"about":[{"href":"https:\/\/ursus.ee\/en\/wp-json\/wp\/v2\/types\/product"}],"replies":[{"embeddable":true,"href":"https:\/\/ursus.ee\/en\/wp-json\/wp\/v2\/comments?post=12660"}],"wp:featuredmedia":[{"embeddable":true,"href":"https:\/\/ursus.ee\/en\/wp-json\/wp\/v2\/media\/12661"}],"wp:attachment":[{"href":"https:\/\/ursus.ee\/en\/wp-json\/wp\/v2\/media?parent=12660"}],"wp:term":[{"taxonomy":"product_brand","embeddable":true,"href":"https:\/\/ursus.ee\/en\/wp-json\/wp\/v2\/product_brand?post=12660"},{"taxonomy":"product_cat","embeddable":true,"href":"https:\/\/ursus.ee\/en\/wp-json\/wp\/v2\/product_cat?post=12660"},{"taxonomy":"product_tag","embeddable":true,"href":"https:\/\/ursus.ee\/en\/wp-json\/wp\/v2\/product_tag?post=12660"}],"curies":[{"name":"wp","href":"https:\/\/api.w.org\/{rel}","templated":true}]}}