{"id":12638,"date":"2025-12-16T18:43:23","date_gmt":"2025-12-16T16:43:23","guid":{"rendered":"https:\/\/ursus.ee\/toode\/grilltangid-silikoonotsaga-23cm-2\/"},"modified":"2026-03-27T16:14:38","modified_gmt":"2026-03-27T14:14:38","slug":"grilltangid-silikoonotsaga-23cm-2","status":"publish","type":"product","link":"https:\/\/ursus.ee\/en\/toode\/grilltangid-silikoonotsaga-23cm-2\/","title":{"rendered":"Grilltangid silikoonotsaga 23cm"},"content":{"rendered":"<p>Roostevabast terasest grilltangid silikoonotstega. Ideaalsed k\u00f6\u00f6ki ja grillimiseks, silikoonotsad kaitsevad tundlikke panne. T\u00e4nu lainelistele servadele on toodet v\u00f5imalik kasutada nii toiduainete t\u00f5stmiseks (spagetid) kui keeramiseks (liha). Grilltangidel on spetsiaalne lukustusmehhanism, t\u00e4nu millele on tange lihtne ja mugav sahtlis hoida. Tangide pikkus 23cm.<\/p>\n","protected":false},"excerpt":{"rendered":"<p>Roostevabast terasest grilltangid silikoonotstega. Ideaalsed k\u00f6\u00f6ki ja grillimiseks, silikoonotsad kaitsevad tundlikke panne. T\u00e4nu lainelistele servadele on toodet v\u00f5imalik kasutada nii toiduainete t\u00f5stmiseks (spagetid) kui keeramiseks (liha). Grilltangidel on spetsiaalne lukustusmehhanism, t\u00e4nu millele on tange lihtne ja mugav sahtlis hoida. Tangide pikkus 23cm.<\/p>\n","protected":false},"featured_media":12639,"comment_status":"closed","ping_status":"open","template":"","meta":{"_acf_changed":false},"product_brand":[472],"product_cat":[405,490],"product_tag":[],"class_list":{"0":"post-12638","1":"product","2":"type-product","3":"status-publish","4":"has-post-thumbnail","6":"product_brand-leifheit","7":"product_cat-koogitarbed","8":"product_cat-koogitarvikud","9":"pa_kogus-1-tk","10":"pa_paritolumaa-saksamaa","11":"pa_uhik-tk","13":"first","14":"instock","15":"purchasable","16":"product-type-simple"},"acf":[],"_links":{"self":[{"href":"https:\/\/ursus.ee\/en\/wp-json\/wp\/v2\/product\/12638","targetHints":{"allow":["GET"]}}],"collection":[{"href":"https:\/\/ursus.ee\/en\/wp-json\/wp\/v2\/product"}],"about":[{"href":"https:\/\/ursus.ee\/en\/wp-json\/wp\/v2\/types\/product"}],"replies":[{"embeddable":true,"href":"https:\/\/ursus.ee\/en\/wp-json\/wp\/v2\/comments?post=12638"}],"wp:featuredmedia":[{"embeddable":true,"href":"https:\/\/ursus.ee\/en\/wp-json\/wp\/v2\/media\/12639"}],"wp:attachment":[{"href":"https:\/\/ursus.ee\/en\/wp-json\/wp\/v2\/media?parent=12638"}],"wp:term":[{"taxonomy":"product_brand","embeddable":true,"href":"https:\/\/ursus.ee\/en\/wp-json\/wp\/v2\/product_brand?post=12638"},{"taxonomy":"product_cat","embeddable":true,"href":"https:\/\/ursus.ee\/en\/wp-json\/wp\/v2\/product_cat?post=12638"},{"taxonomy":"product_tag","embeddable":true,"href":"https:\/\/ursus.ee\/en\/wp-json\/wp\/v2\/product_tag?post=12638"}],"curies":[{"name":"wp","href":"https:\/\/api.w.org\/{rel}","templated":true}]}}