{"id":12622,"date":"2025-12-16T18:43:23","date_gmt":"2025-12-16T16:43:23","guid":{"rendered":"https:\/\/ursus.ee\/toode\/koogitermomeeter-digitaalne-universaalne-2\/"},"modified":"2026-03-27T16:14:38","modified_gmt":"2026-03-27T14:14:38","slug":"koogitermomeeter-digitaalne-universaalne-2","status":"publish","type":"product","link":"https:\/\/ursus.ee\/en\/toode\/koogitermomeeter-digitaalne-universaalne-2\/","title":{"rendered":"K\u00f6\u00f6gitermomeeter digitaalne universaalne"},"content":{"rendered":"<p>Laia kasutusalaga termomeeter LCD ekraaniga. M\u00f5\u00f5dab samaaegselt nii toidu nt. liha, kui erinevate vedelike nt. piima, veini, \u00f5li temperatuuri. Temperatuuri m\u00f5\u00f5teskaala -45\u00b0C kuni +200\u00b0C. M\u00f5\u00f5tmistulemus saavutatakse juba 4-10 sekundiga. Roostevabast terasest temperatuuri m\u00f5\u00f5teotsik, millel on kaasas spetsiaalne silikoonist kaitsevutlar. Kaasas patarei. Mitte kasutada suletud ahjus.<\/p>\n","protected":false},"excerpt":{"rendered":"<p>Laia kasutusalaga termomeeter LCD ekraaniga. M\u00f5\u00f5dab samaaegselt nii toidu nt. liha, kui erinevate vedelike nt. piima, veini, \u00f5li temperatuuri. Temperatuuri m\u00f5\u00f5teskaala -45\u00b0C kuni +200\u00b0C. M\u00f5\u00f5tmistulemus saavutatakse juba 4-10 sekundiga. Roostevabast terasest temperatuuri m\u00f5\u00f5teotsik, millel on kaasas spetsiaalne silikoonist kaitsevutlar. Kaasas patarei. Mitte kasutada suletud ahjus.<\/p>\n","protected":false},"featured_media":12623,"comment_status":"closed","ping_status":"open","template":"","meta":{"_acf_changed":false},"product_brand":[472],"product_cat":[405,490],"product_tag":[],"class_list":{"0":"post-12622","1":"product","2":"type-product","3":"status-publish","4":"has-post-thumbnail","6":"product_brand-leifheit","7":"product_cat-koogitarbed","8":"product_cat-koogitarvikud","9":"pa_kogus-1-tk","10":"pa_paritolumaa-saksamaa","11":"pa_uhik-tk","13":"first","14":"instock","15":"purchasable","16":"product-type-simple"},"acf":[],"_links":{"self":[{"href":"https:\/\/ursus.ee\/en\/wp-json\/wp\/v2\/product\/12622","targetHints":{"allow":["GET"]}}],"collection":[{"href":"https:\/\/ursus.ee\/en\/wp-json\/wp\/v2\/product"}],"about":[{"href":"https:\/\/ursus.ee\/en\/wp-json\/wp\/v2\/types\/product"}],"replies":[{"embeddable":true,"href":"https:\/\/ursus.ee\/en\/wp-json\/wp\/v2\/comments?post=12622"}],"wp:featuredmedia":[{"embeddable":true,"href":"https:\/\/ursus.ee\/en\/wp-json\/wp\/v2\/media\/12623"}],"wp:attachment":[{"href":"https:\/\/ursus.ee\/en\/wp-json\/wp\/v2\/media?parent=12622"}],"wp:term":[{"taxonomy":"product_brand","embeddable":true,"href":"https:\/\/ursus.ee\/en\/wp-json\/wp\/v2\/product_brand?post=12622"},{"taxonomy":"product_cat","embeddable":true,"href":"https:\/\/ursus.ee\/en\/wp-json\/wp\/v2\/product_cat?post=12622"},{"taxonomy":"product_tag","embeddable":true,"href":"https:\/\/ursus.ee\/en\/wp-json\/wp\/v2\/product_tag?post=12622"}],"curies":[{"name":"wp","href":"https:\/\/api.w.org\/{rel}","templated":true}]}}