{"id":12618,"date":"2025-12-16T18:43:23","date_gmt":"2025-12-16T16:43:23","guid":{"rendered":"https:\/\/ursus.ee\/toode\/digitaalne-prae-ja-lihatermomeeter-2\/"},"modified":"2026-03-27T16:14:38","modified_gmt":"2026-03-27T14:14:38","slug":"digitaalne-prae-ja-lihatermomeeter-2","status":"publish","type":"product","link":"https:\/\/ursus.ee\/en\/toode\/digitaalne-prae-ja-lihatermomeeter-2\/","title":{"rendered":"Digitaalne prae- ja lihatermomeeter"},"content":{"rendered":"<p>Digitaalse praetermomeetriga on sul v\u00f5imalik valmistada perfektselt k\u00fcpsetatud lihatooteid. Praetermomeetril on viis erinevat eelseadistatud programmi erinevatele lihat\u00fc\u00fcpidele. Ekstra taimeri funktsioon v\u00f5imaldab seadistada ka kasutaja poolt ette antud k\u00fcpsetusaega. T\u00e4nu temperatuurikindlale juhtmetele on seade kasutatav ka grillimisel ja barbeque ahjus. Digitaalse praetermomeetri temperatuuritaluvus kuni 380\u00b0C. Tootel on turvaline jalg, mis v\u00f5imaldab seda asetada t\u00f6\u00f6pinnale p\u00fcsti. Pratermomeetril on magnetkinnitus, mille abil on seda v\u00f5imalik kinnitada ahju v\u00f5i grilli metallkorpusele.<\/p>\n","protected":false},"excerpt":{"rendered":"<p>Digitaalse praetermomeetriga on sul v\u00f5imalik valmistada perfektselt k\u00fcpsetatud lihatooteid. Praetermomeetril on viis erinevat eelseadistatud programmi erinevatele lihat\u00fc\u00fcpidele. Ekstra taimeri funktsioon v\u00f5imaldab seadistada ka kasutaja poolt ette antud k\u00fcpsetusaega. T\u00e4nu temperatuurikindlale juhtmetele on seade kasutatav ka grillimisel ja barbeque ahjus. Digitaalse praetermomeetri temperatuuritaluvus kuni 380\u00b0C. Tootel on turvaline jalg, mis v\u00f5imaldab seda asetada t\u00f6\u00f6pinnale p\u00fcsti. Pratermomeetril<\/p>\n","protected":false},"featured_media":12619,"comment_status":"closed","ping_status":"open","template":"","meta":{"_acf_changed":false},"product_brand":[472],"product_cat":[405,490],"product_tag":[],"class_list":{"0":"post-12618","1":"product","2":"type-product","3":"status-publish","4":"has-post-thumbnail","6":"product_brand-leifheit","7":"product_cat-koogitarbed","8":"product_cat-koogitarvikud","9":"pa_kogus-1-tk","10":"pa_paritolumaa-saksamaa","11":"pa_uhik-tk","13":"first","14":"instock","15":"purchasable","16":"product-type-simple"},"acf":[],"_links":{"self":[{"href":"https:\/\/ursus.ee\/en\/wp-json\/wp\/v2\/product\/12618","targetHints":{"allow":["GET"]}}],"collection":[{"href":"https:\/\/ursus.ee\/en\/wp-json\/wp\/v2\/product"}],"about":[{"href":"https:\/\/ursus.ee\/en\/wp-json\/wp\/v2\/types\/product"}],"replies":[{"embeddable":true,"href":"https:\/\/ursus.ee\/en\/wp-json\/wp\/v2\/comments?post=12618"}],"wp:featuredmedia":[{"embeddable":true,"href":"https:\/\/ursus.ee\/en\/wp-json\/wp\/v2\/media\/12619"}],"wp:attachment":[{"href":"https:\/\/ursus.ee\/en\/wp-json\/wp\/v2\/media?parent=12618"}],"wp:term":[{"taxonomy":"product_brand","embeddable":true,"href":"https:\/\/ursus.ee\/en\/wp-json\/wp\/v2\/product_brand?post=12618"},{"taxonomy":"product_cat","embeddable":true,"href":"https:\/\/ursus.ee\/en\/wp-json\/wp\/v2\/product_cat?post=12618"},{"taxonomy":"product_tag","embeddable":true,"href":"https:\/\/ursus.ee\/en\/wp-json\/wp\/v2\/product_tag?post=12618"}],"curies":[{"name":"wp","href":"https:\/\/api.w.org\/{rel}","templated":true}]}}