{"id":12611,"date":"2025-12-16T18:43:23","date_gmt":"2025-12-16T16:43:23","guid":{"rendered":"https:\/\/ursus.ee\/toode\/pliidi-kaabits-3-teraga-2\/"},"modified":"2026-03-27T16:14:39","modified_gmt":"2026-03-27T14:14:39","slug":"pliidi-kaabits-3-teraga-2","status":"publish","type":"product","link":"https:\/\/ursus.ee\/en\/toode\/pliidi-kaabits-3-teraga-2\/","title":{"rendered":"Pliidi kaabits 3 teraga"},"content":{"rendered":"<p>Leifheiti pliidiplaadi kaabits on k\u00f5rge funktsionaalsuse ja suurep\u00e4rase disainiga. Eemaldab lihtsalt k\u00f5rbenud toidu pliidi plaadilt. Terakaitse on v\u00e4ga praktiline: see hoiab \u00e4ra teiste esemete kriimustamise, kui kaabitsat sahtlis hoida. Samuti muudab see ohutuks hoiustamise ilma vigastuste ohuta ja kaitseb l\u00f5iketeri. Pliidiplaadi kaabitsa puhastamine on samuti v\u00e4ga lihtne. P\u00fchkige lihtsalt niiske lapiga ja see on uuesti kasutamiseks valmis. Varuterad saab hoida Leifheiti pliidiplaadi kaabitsa peas. Kaasas kolm tera.<\/p>\n","protected":false},"excerpt":{"rendered":"<p>Leifheiti pliidiplaadi kaabits on k\u00f5rge funktsionaalsuse ja suurep\u00e4rase disainiga. Eemaldab lihtsalt k\u00f5rbenud toidu pliidi plaadilt. Terakaitse on v\u00e4ga praktiline: see hoiab \u00e4ra teiste esemete kriimustamise, kui kaabitsat sahtlis hoida. Samuti muudab see ohutuks hoiustamise ilma vigastuste ohuta ja kaitseb l\u00f5iketeri. Pliidiplaadi kaabitsa puhastamine on samuti v\u00e4ga lihtne. P\u00fchkige lihtsalt niiske lapiga ja see on uuesti<\/p>\n","protected":false},"featured_media":12612,"comment_status":"closed","ping_status":"open","template":"","meta":{"_acf_changed":false},"product_brand":[472],"product_cat":[405,490],"product_tag":[],"class_list":{"0":"post-12611","1":"product","2":"type-product","3":"status-publish","4":"has-post-thumbnail","6":"product_brand-leifheit","7":"product_cat-koogitarbed","8":"product_cat-koogitarvikud","9":"pa_kogus-1-tk","10":"pa_paritolumaa-hiina","11":"pa_uhik-tk","13":"first","14":"instock","15":"purchasable","16":"product-type-simple"},"acf":[],"_links":{"self":[{"href":"https:\/\/ursus.ee\/en\/wp-json\/wp\/v2\/product\/12611","targetHints":{"allow":["GET"]}}],"collection":[{"href":"https:\/\/ursus.ee\/en\/wp-json\/wp\/v2\/product"}],"about":[{"href":"https:\/\/ursus.ee\/en\/wp-json\/wp\/v2\/types\/product"}],"replies":[{"embeddable":true,"href":"https:\/\/ursus.ee\/en\/wp-json\/wp\/v2\/comments?post=12611"}],"wp:featuredmedia":[{"embeddable":true,"href":"https:\/\/ursus.ee\/en\/wp-json\/wp\/v2\/media\/12612"}],"wp:attachment":[{"href":"https:\/\/ursus.ee\/en\/wp-json\/wp\/v2\/media?parent=12611"}],"wp:term":[{"taxonomy":"product_brand","embeddable":true,"href":"https:\/\/ursus.ee\/en\/wp-json\/wp\/v2\/product_brand?post=12611"},{"taxonomy":"product_cat","embeddable":true,"href":"https:\/\/ursus.ee\/en\/wp-json\/wp\/v2\/product_cat?post=12611"},{"taxonomy":"product_tag","embeddable":true,"href":"https:\/\/ursus.ee\/en\/wp-json\/wp\/v2\/product_tag?post=12611"}],"curies":[{"name":"wp","href":"https:\/\/api.w.org\/{rel}","templated":true}]}}