{"id":12609,"date":"2025-12-16T18:43:23","date_gmt":"2025-12-16T16:43:23","guid":{"rendered":"https:\/\/ursus.ee\/toode\/analoogtaimer-signature-2\/"},"modified":"2026-03-27T16:14:38","modified_gmt":"2026-03-27T14:14:38","slug":"analoogtaimer-signature-2","status":"publish","type":"product","link":"https:\/\/ursus.ee\/en\/toode\/analoogtaimer-signature-2\/","title":{"rendered":"Analoogtaimer Signature"},"content":{"rendered":"<p>T\u00e4pne mehhanism, tugev alarm, ei vaja patareid. Kasutamine: Keera taimeri osutit p\u00e4rip\u00e4eva 60-ni, seej\u00e4rel vastup\u00e4eva soovitud ajan\u00e4iduni. Alarm t\u00e4histab valitud aja m\u00f6\u00f6dumist.<\/p>\n","protected":false},"excerpt":{"rendered":"<p>T\u00e4pne mehhanism, tugev alarm, ei vaja patareid. Kasutamine: Keera taimeri osutit p\u00e4rip\u00e4eva 60-ni, seej\u00e4rel vastup\u00e4eva soovitud ajan\u00e4iduni. Alarm t\u00e4histab valitud aja m\u00f6\u00f6dumist.<\/p>\n","protected":false},"featured_media":12610,"comment_status":"closed","ping_status":"open","template":"","meta":{"_acf_changed":false},"product_brand":[472],"product_cat":[405,490],"product_tag":[],"class_list":{"0":"post-12609","1":"product","2":"type-product","3":"status-publish","4":"has-post-thumbnail","6":"product_brand-leifheit","7":"product_cat-koogitarbed","8":"product_cat-koogitarvikud","9":"pa_kogus-1-tk","10":"pa_paritolumaa-saksamaa","11":"pa_uhik-tk","13":"first","14":"instock","15":"purchasable","16":"product-type-simple"},"acf":[],"_links":{"self":[{"href":"https:\/\/ursus.ee\/en\/wp-json\/wp\/v2\/product\/12609","targetHints":{"allow":["GET"]}}],"collection":[{"href":"https:\/\/ursus.ee\/en\/wp-json\/wp\/v2\/product"}],"about":[{"href":"https:\/\/ursus.ee\/en\/wp-json\/wp\/v2\/types\/product"}],"replies":[{"embeddable":true,"href":"https:\/\/ursus.ee\/en\/wp-json\/wp\/v2\/comments?post=12609"}],"wp:featuredmedia":[{"embeddable":true,"href":"https:\/\/ursus.ee\/en\/wp-json\/wp\/v2\/media\/12610"}],"wp:attachment":[{"href":"https:\/\/ursus.ee\/en\/wp-json\/wp\/v2\/media?parent=12609"}],"wp:term":[{"taxonomy":"product_brand","embeddable":true,"href":"https:\/\/ursus.ee\/en\/wp-json\/wp\/v2\/product_brand?post=12609"},{"taxonomy":"product_cat","embeddable":true,"href":"https:\/\/ursus.ee\/en\/wp-json\/wp\/v2\/product_cat?post=12609"},{"taxonomy":"product_tag","embeddable":true,"href":"https:\/\/ursus.ee\/en\/wp-json\/wp\/v2\/product_tag?post=12609"}],"curies":[{"name":"wp","href":"https:\/\/api.w.org\/{rel}","templated":true}]}}