{"id":12595,"date":"2025-12-16T18:43:23","date_gmt":"2025-12-16T16:43:23","guid":{"rendered":"https:\/\/ursus.ee\/toode\/triikimislaud-airboard-compact-s-110x30cm-2\/"},"modified":"2026-03-27T16:17:18","modified_gmt":"2026-03-27T14:17:18","slug":"triikimislaud-airboard-compact-s-110x30cm-2","status":"publish","type":"product","link":"https:\/\/ursus.ee\/en\/toode\/triikimislaud-airboard-compact-s-110x30cm-2\/","title":{"rendered":"Triikimislaud Airboard Compact S 110x30cm"},"content":{"rendered":"<p>Kerge! Mugav! Tugev! Spetsiaalsest \u00fclikergest materjalist valmistatud patenditud tehnoloogiaga triikimislaud. Triikides ei j\u00e4ta riidele tavalistele metallist triikimislaudadele omast mustrit! Kaalub k\u00f5igest 3,3kg, kuid on eriti tugeva metallkonstruktsiooniga. Reguleeritava k\u00f5rgusega (75-88cm). Soojust tagasi peegeldav tehnoloogia tagab triikimise kergema vaevaga, ehk piisab ainult riide \u00fchepoolsest triikimisest. Triikimispinna m\u00f5\u00f5dud on 110 cm x 30cm, lisaks juures fikseeritud triikraua alus. Laual on tugev lapse- ja transpordilukk.<\/p>\n","protected":false},"excerpt":{"rendered":"<p>Kerge! Mugav! Tugev! Spetsiaalsest \u00fclikergest materjalist valmistatud patenditud tehnoloogiaga triikimislaud. Triikides ei j\u00e4ta riidele tavalistele metallist triikimislaudadele omast mustrit! Kaalub k\u00f5igest 3,3kg, kuid on eriti tugeva metallkonstruktsiooniga. Reguleeritava k\u00f5rgusega (75-88cm). Soojust tagasi peegeldav tehnoloogia tagab triikimise kergema vaevaga, ehk piisab ainult riide \u00fchepoolsest triikimisest. Triikimispinna m\u00f5\u00f5dud on 110 cm x 30cm, lisaks juures fikseeritud triikraua<\/p>\n","protected":false},"featured_media":12596,"comment_status":"closed","ping_status":"closed","template":"","meta":{"_acf_changed":false},"product_brand":[472],"product_cat":[162,521],"product_tag":[],"class_list":{"0":"post-12595","1":"product","2":"type-product","3":"status-publish","4":"has-post-thumbnail","6":"product_brand-leifheit","7":"product_cat-pesuhooldus","8":"product_cat-triikimislauad-ja-katted","9":"pa_kogus-1-tk","10":"pa_paritolumaa-saksamaa","11":"pa_uhik-tk","13":"first","14":"instock","15":"purchasable","16":"product-type-simple"},"acf":[],"_links":{"self":[{"href":"https:\/\/ursus.ee\/en\/wp-json\/wp\/v2\/product\/12595","targetHints":{"allow":["GET"]}}],"collection":[{"href":"https:\/\/ursus.ee\/en\/wp-json\/wp\/v2\/product"}],"about":[{"href":"https:\/\/ursus.ee\/en\/wp-json\/wp\/v2\/types\/product"}],"replies":[{"embeddable":true,"href":"https:\/\/ursus.ee\/en\/wp-json\/wp\/v2\/comments?post=12595"}],"wp:featuredmedia":[{"embeddable":true,"href":"https:\/\/ursus.ee\/en\/wp-json\/wp\/v2\/media\/12596"}],"wp:attachment":[{"href":"https:\/\/ursus.ee\/en\/wp-json\/wp\/v2\/media?parent=12595"}],"wp:term":[{"taxonomy":"product_brand","embeddable":true,"href":"https:\/\/ursus.ee\/en\/wp-json\/wp\/v2\/product_brand?post=12595"},{"taxonomy":"product_cat","embeddable":true,"href":"https:\/\/ursus.ee\/en\/wp-json\/wp\/v2\/product_cat?post=12595"},{"taxonomy":"product_tag","embeddable":true,"href":"https:\/\/ursus.ee\/en\/wp-json\/wp\/v2\/product_tag?post=12595"}],"curies":[{"name":"wp","href":"https:\/\/api.w.org\/{rel}","templated":true}]}}