{"id":12592,"date":"2025-12-16T18:43:23","date_gmt":"2025-12-16T16:43:23","guid":{"rendered":"https:\/\/ursus.ee\/toode\/triikimislaud-airboard-compact-m-120x38cm-2\/"},"modified":"2026-03-27T16:17:18","modified_gmt":"2026-03-27T14:17:18","slug":"triikimislaud-airboard-compact-m-120x38cm-2","status":"publish","type":"product","link":"https:\/\/ursus.ee\/en\/toode\/triikimislaud-airboard-compact-m-120x38cm-2\/","title":{"rendered":"Triikimislaud Airboard Compact M 120x38cm"},"content":{"rendered":"<p>Spetsiaalsest \u00fclikergest materjalist valmistatud triikimislaud Air Board M Compact, kaal vaid 4 kg. Unikaalne soojust tagasi peegeldav katteriide tehnoloogia &#8211; triikimispind on kaetud Thermo Reflect kattega, mis peegeldab pinnalt tagasi triikraualt saadava temperatuuri ja auru ning pesu triigitakse samaaegselt m\u00f5lemalt poolt, olles seega kiirem ja efektiivsem. Enamiku kangaste jaoks piisab triikimisest vaid \u00fchelt poolt. Thermo Reflect kate on sobilik kasutamiseks k\u00f5ikide harilike triikraudadega ja aurutriikraudadega. Triikimislaua pind on valmistatud spetsiaalsest ultrakergest plastikust, mis muudab selle oluliselt kergemaks alternatiiviks metallkonstruktsiooniga laudade ees. Hoolimata kergusest on triikimislaud tugev ja stabiilse konstruktsiooniga. Raami disain v\u00f5imaldab seda kasutada ka ebatasasel pinnal. Triikimispinna m\u00f5\u00f5dud 120 x 38 cm ja polsterduse paksus 35 mm. Reguleeritav k\u00f5rgus kuni 98 cm. Triikimislaua raamile kinnitub ka fikseeritud alus triikrauale, elektripistik ja spetsiaalne hoidja elektrikaablile. Hoidja kasutamine soovituslik maksimaalse turvalisuse tagamiseks, see takistab elektrikaabli liikumist t\u00f6\u00f6pinnale. Triikimislaua sulgemine ja avamine on kerge ning ei n\u00f5ua kasutamiseks j\u00f5udu.<\/p>\n","protected":false},"excerpt":{"rendered":"<p>Spetsiaalsest \u00fclikergest materjalist valmistatud triikimislaud Air Board M Compact, kaal vaid 4 kg. Unikaalne soojust tagasi peegeldav katteriide tehnoloogia &#8211; triikimispind on kaetud Thermo Reflect kattega, mis peegeldab pinnalt tagasi triikraualt saadava temperatuuri ja auru ning pesu triigitakse samaaegselt m\u00f5lemalt poolt, olles seega kiirem ja efektiivsem. Enamiku kangaste jaoks piisab triikimisest vaid \u00fchelt poolt. Thermo<\/p>\n","protected":false},"featured_media":12593,"comment_status":"closed","ping_status":"closed","template":"","meta":{"_acf_changed":false},"product_brand":[472],"product_cat":[162,521],"product_tag":[],"class_list":{"0":"post-12592","1":"product","2":"type-product","3":"status-publish","4":"has-post-thumbnail","6":"product_brand-leifheit","7":"product_cat-pesuhooldus","8":"product_cat-triikimislauad-ja-katted","9":"pa_kogus-1-tk","10":"pa_paritolumaa-saksamaa","11":"pa_uhik-tk","13":"first","14":"instock","15":"purchasable","16":"product-type-simple"},"acf":[],"_links":{"self":[{"href":"https:\/\/ursus.ee\/en\/wp-json\/wp\/v2\/product\/12592","targetHints":{"allow":["GET"]}}],"collection":[{"href":"https:\/\/ursus.ee\/en\/wp-json\/wp\/v2\/product"}],"about":[{"href":"https:\/\/ursus.ee\/en\/wp-json\/wp\/v2\/types\/product"}],"replies":[{"embeddable":true,"href":"https:\/\/ursus.ee\/en\/wp-json\/wp\/v2\/comments?post=12592"}],"wp:featuredmedia":[{"embeddable":true,"href":"https:\/\/ursus.ee\/en\/wp-json\/wp\/v2\/media\/12593"}],"wp:attachment":[{"href":"https:\/\/ursus.ee\/en\/wp-json\/wp\/v2\/media?parent=12592"}],"wp:term":[{"taxonomy":"product_brand","embeddable":true,"href":"https:\/\/ursus.ee\/en\/wp-json\/wp\/v2\/product_brand?post=12592"},{"taxonomy":"product_cat","embeddable":true,"href":"https:\/\/ursus.ee\/en\/wp-json\/wp\/v2\/product_cat?post=12592"},{"taxonomy":"product_tag","embeddable":true,"href":"https:\/\/ursus.ee\/en\/wp-json\/wp\/v2\/product_tag?post=12592"}],"curies":[{"name":"wp","href":"https:\/\/api.w.org\/{rel}","templated":true}]}}