{"id":12590,"date":"2025-12-16T18:43:23","date_gmt":"2025-12-16T16:43:23","guid":{"rendered":"https:\/\/ursus.ee\/toode\/triikimislaud-air-board-m-black-2\/"},"modified":"2026-03-27T16:17:18","modified_gmt":"2026-03-27T14:17:18","slug":"triikimislaud-air-board-m-black-2","status":"publish","type":"product","link":"https:\/\/ursus.ee\/en\/toode\/triikimislaud-air-board-m-black-2\/","title":{"rendered":"Triikimislaud Air Board M Black+"},"content":{"rendered":"<p>Spetsiaalsest \u00fclikergest materjalist valmistatud triikimislaud stiilse musta ja antratsiitv\u00e4rviga. Thermo-Reflect kattega: auru ja kuumuse peegeldus kahepoolseks triikimise m\u00f5juks, olles seega kiirem ja efektiivsem.\u00a0 Thermo Reflect kate on sobilik kasutamiseks k\u00f5ikide harilike triikraudadega ja aurutriikraudadega. Triikimislaua pind on valmistatud spetsiaalsest ultrakergest plastikust, mis muudab selle oluliselt kergemaks. Hoolimata kergusest on triikimislaud tugev ja stabiilse konstruktsiooniga. Raami disain v\u00f5imaldab seda kasutada ka ebatasasel pinnal. Triikimispinna m\u00f5\u00f5dud 120 x 38 cm. Reguleeritav k\u00f5rgus kuni 98 cm. Triikimislaua sulgemine ja avamine on kerge ning ei n\u00f5ua kasutamiseks j\u00f5udu. Triikimislauale on integreeritud kaablihoidja ja pistikupesa. 5 aastat garantiid.<\/p>\n","protected":false},"excerpt":{"rendered":"<p>Spetsiaalsest \u00fclikergest materjalist valmistatud triikimislaud stiilse musta ja antratsiitv\u00e4rviga. Thermo-Reflect kattega: auru ja kuumuse peegeldus kahepoolseks triikimise m\u00f5juks, olles seega kiirem ja efektiivsem.\u00a0 Thermo Reflect kate on sobilik kasutamiseks k\u00f5ikide harilike triikraudadega ja aurutriikraudadega. Triikimislaua pind on valmistatud spetsiaalsest ultrakergest plastikust, mis muudab selle oluliselt kergemaks. Hoolimata kergusest on triikimislaud tugev ja stabiilse konstruktsiooniga. Raami<\/p>\n","protected":false},"featured_media":12591,"comment_status":"closed","ping_status":"closed","template":"","meta":{"_acf_changed":false},"product_brand":[472],"product_cat":[162,521],"product_tag":[],"class_list":{"0":"post-12590","1":"product","2":"type-product","3":"status-publish","4":"has-post-thumbnail","6":"product_brand-leifheit","7":"product_cat-pesuhooldus","8":"product_cat-triikimislauad-ja-katted","9":"pa_kogus-1-tk","10":"pa_koostis-55-polyester-29-baumwolle-8-polyurethan-8-titanium","11":"pa_paritolumaa-tsehhi-vabariik","12":"pa_uhik-tk","14":"first","15":"instock","16":"purchasable","17":"product-type-simple"},"acf":[],"_links":{"self":[{"href":"https:\/\/ursus.ee\/en\/wp-json\/wp\/v2\/product\/12590","targetHints":{"allow":["GET"]}}],"collection":[{"href":"https:\/\/ursus.ee\/en\/wp-json\/wp\/v2\/product"}],"about":[{"href":"https:\/\/ursus.ee\/en\/wp-json\/wp\/v2\/types\/product"}],"replies":[{"embeddable":true,"href":"https:\/\/ursus.ee\/en\/wp-json\/wp\/v2\/comments?post=12590"}],"wp:featuredmedia":[{"embeddable":true,"href":"https:\/\/ursus.ee\/en\/wp-json\/wp\/v2\/media\/12591"}],"wp:attachment":[{"href":"https:\/\/ursus.ee\/en\/wp-json\/wp\/v2\/media?parent=12590"}],"wp:term":[{"taxonomy":"product_brand","embeddable":true,"href":"https:\/\/ursus.ee\/en\/wp-json\/wp\/v2\/product_brand?post=12590"},{"taxonomy":"product_cat","embeddable":true,"href":"https:\/\/ursus.ee\/en\/wp-json\/wp\/v2\/product_cat?post=12590"},{"taxonomy":"product_tag","embeddable":true,"href":"https:\/\/ursus.ee\/en\/wp-json\/wp\/v2\/product_tag?post=12590"}],"curies":[{"name":"wp","href":"https:\/\/api.w.org\/{rel}","templated":true}]}}