{"id":12587,"date":"2025-12-16T18:43:23","date_gmt":"2025-12-16T16:43:23","guid":{"rendered":"https:\/\/ursus.ee\/toode\/triikimislauakate-thermo-reflect-glide-s-m-125x40cm-2\/"},"modified":"2026-03-27T16:17:18","modified_gmt":"2026-03-27T14:17:18","slug":"triikimislauakate-thermo-reflect-glide-s-m-125x40cm-2","status":"publish","type":"product","link":"https:\/\/ursus.ee\/en\/toode\/triikimislauakate-thermo-reflect-glide-s-m-125x40cm-2\/","title":{"rendered":"Triikimislauakate Thermo Reflect Glide S\/M 125x40cm"},"content":{"rendered":"<p>Triikimislaua vahetuskate, sobib k\u00f5ikidele triikimislaudadele maksimum suurusega kuni 125x40cm. Kate tagab ekstra mugava triikimise. Kuumust ja auru tagasi peegeldav titaaniga pealispind kiirendab triikimist, mist\u00f5ttu on triikimine t\u00e4nu kattele kiirem ja v\u00e4hem vaeva n\u00f5udvam. 4 mm paksune vahtpolsterdusega kate on varustatud elastikpaelaga ja pinguldusklipiga, mis teeb katte paigaldamise eriti mugavaks ning kate hoiab t\u00e4nu sellele ideaalselt \u00fcmber laua. Ka k\u00fclgedelt hoiab ideaalselt \u00fcmber laua t\u00e4nu spetsiaalsele kinnitusele. Lisaks annavad silikoonosakesed triikimisel elektrostaatilise laengu, mille tulemusena on triikimisraual veelgi efektiivsem libisemine. Toode on saadaval kolmes eri v\u00e4rvitoonis.<\/p>\n","protected":false},"excerpt":{"rendered":"<p>Triikimislaua vahetuskate, sobib k\u00f5ikidele triikimislaudadele maksimum suurusega kuni 125x40cm. Kate tagab ekstra mugava triikimise. Kuumust ja auru tagasi peegeldav titaaniga pealispind kiirendab triikimist, mist\u00f5ttu on triikimine t\u00e4nu kattele kiirem ja v\u00e4hem vaeva n\u00f5udvam. 4 mm paksune vahtpolsterdusega kate on varustatud elastikpaelaga ja pinguldusklipiga, mis teeb katte paigaldamise eriti mugavaks ning kate hoiab t\u00e4nu sellele ideaalselt<\/p>\n","protected":false},"featured_media":12588,"comment_status":"closed","ping_status":"open","template":"","meta":{"_acf_changed":false},"product_brand":[472],"product_cat":[162,521],"product_tag":[],"class_list":{"0":"post-12587","1":"product","2":"type-product","3":"status-publish","4":"has-post-thumbnail","6":"product_brand-leifheit","7":"product_cat-pesuhooldus","8":"product_cat-triikimislauad-ja-katted","9":"pa_kogus-1-tk","10":"pa_paritolumaa-saksamaa","11":"pa_uhik-tk","13":"first","14":"instock","15":"purchasable","16":"product-type-simple"},"acf":[],"_links":{"self":[{"href":"https:\/\/ursus.ee\/en\/wp-json\/wp\/v2\/product\/12587","targetHints":{"allow":["GET"]}}],"collection":[{"href":"https:\/\/ursus.ee\/en\/wp-json\/wp\/v2\/product"}],"about":[{"href":"https:\/\/ursus.ee\/en\/wp-json\/wp\/v2\/types\/product"}],"replies":[{"embeddable":true,"href":"https:\/\/ursus.ee\/en\/wp-json\/wp\/v2\/comments?post=12587"}],"wp:featuredmedia":[{"embeddable":true,"href":"https:\/\/ursus.ee\/en\/wp-json\/wp\/v2\/media\/12588"}],"wp:attachment":[{"href":"https:\/\/ursus.ee\/en\/wp-json\/wp\/v2\/media?parent=12587"}],"wp:term":[{"taxonomy":"product_brand","embeddable":true,"href":"https:\/\/ursus.ee\/en\/wp-json\/wp\/v2\/product_brand?post=12587"},{"taxonomy":"product_cat","embeddable":true,"href":"https:\/\/ursus.ee\/en\/wp-json\/wp\/v2\/product_cat?post=12587"},{"taxonomy":"product_tag","embeddable":true,"href":"https:\/\/ursus.ee\/en\/wp-json\/wp\/v2\/product_tag?post=12587"}],"curies":[{"name":"wp","href":"https:\/\/api.w.org\/{rel}","templated":true}]}}