{"id":12567,"date":"2025-12-16T18:39:31","date_gmt":"2025-12-16T16:39:31","guid":{"rendered":"https:\/\/ursus.ee\/toode\/triikimislina-60x40cm-2\/"},"modified":"2026-02-10T17:53:49","modified_gmt":"2026-02-10T15:53:49","slug":"triikimislina-60x40cm-2","status":"publish","type":"product","link":"https:\/\/ursus.ee\/en\/toode\/triikimislina-60x40cm-2\/","title":{"rendered":"Triikimislina 60x40cm"},"content":{"rendered":"<p>Kaitseb riideesemeid triikimisel. Aitab \u00e4ra hoida l\u00e4ikiva tooni teket \u00f5rnadel riietel. Temperatuuritaluvus kuni 200 C\u00b0 . Materjal: 100% Pol\u00fcester. Sobib aurufunktsiooniga triikraudadele.<\/p>\n","protected":false},"excerpt":{"rendered":"<p>Kaitseb riideesemeid triikimisel. Aitab \u00e4ra hoida l\u00e4ikiva tooni teket \u00f5rnadel riietel. Temperatuuritaluvus kuni 200 C\u00b0 . Materjal: 100% Pol\u00fcester. Sobib aurufunktsiooniga triikraudadele.<\/p>\n","protected":false},"featured_media":12568,"comment_status":"closed","ping_status":"open","template":"","meta":{"_acf_changed":false},"product_brand":[472],"product_cat":[162,163],"product_tag":[],"class_list":{"0":"post-12567","1":"product","2":"type-product","3":"status-publish","4":"has-post-thumbnail","6":"product_brand-leifheit","7":"product_cat-pesuhooldus","8":"product_cat-pesutarvikud","9":"pa_kogus-1-tk","10":"pa_koostis-materjal-100-poluester","11":"pa_paritolumaa-saksamaa","12":"pa_uhik-tk","14":"first","15":"instock","16":"purchasable","17":"product-type-simple"},"acf":[],"_links":{"self":[{"href":"https:\/\/ursus.ee\/en\/wp-json\/wp\/v2\/product\/12567","targetHints":{"allow":["GET"]}}],"collection":[{"href":"https:\/\/ursus.ee\/en\/wp-json\/wp\/v2\/product"}],"about":[{"href":"https:\/\/ursus.ee\/en\/wp-json\/wp\/v2\/types\/product"}],"replies":[{"embeddable":true,"href":"https:\/\/ursus.ee\/en\/wp-json\/wp\/v2\/comments?post=12567"}],"wp:featuredmedia":[{"embeddable":true,"href":"https:\/\/ursus.ee\/en\/wp-json\/wp\/v2\/media\/12568"}],"wp:attachment":[{"href":"https:\/\/ursus.ee\/en\/wp-json\/wp\/v2\/media?parent=12567"}],"wp:term":[{"taxonomy":"product_brand","embeddable":true,"href":"https:\/\/ursus.ee\/en\/wp-json\/wp\/v2\/product_brand?post=12567"},{"taxonomy":"product_cat","embeddable":true,"href":"https:\/\/ursus.ee\/en\/wp-json\/wp\/v2\/product_cat?post=12567"},{"taxonomy":"product_tag","embeddable":true,"href":"https:\/\/ursus.ee\/en\/wp-json\/wp\/v2\/product_tag?post=12567"}],"curies":[{"name":"wp","href":"https:\/\/api.w.org\/{rel}","templated":true}]}}