{"id":12559,"date":"2025-12-16T18:39:31","date_gmt":"2025-12-16T16:39:31","guid":{"rendered":"https:\/\/ursus.ee\/toode\/triikimislaud-classic-m-black-2\/"},"modified":"2026-03-27T16:17:18","modified_gmt":"2026-03-27T14:17:18","slug":"triikimislaud-classic-m-black-2","status":"publish","type":"product","link":"https:\/\/ursus.ee\/en\/toode\/triikimislaud-classic-m-black-2\/","title":{"rendered":"Triikimislaud Classic M Black"},"content":{"rendered":"<p>Kompaktne tugevaima roostevastase kaitsega metalse raamistikuga triikimislaud, stiilse musta ja antratsiitv\u00e4rviga. Laud on reguleeritava k\u00f5rgusega 69 kuni 88cm, triikimispinna m\u00f5\u00f5dud 120x38cm. Auru l\u00e4bilaskev puuvillase katte tehnoloogia tagab kvaliteetse triikimise kergema vaevaga. Transpordilukk tagab kindla lukustuse triikimislaua liigutamisel. 3 aastat garantiid<\/p>\n","protected":false},"excerpt":{"rendered":"<p>Kompaktne tugevaima roostevastase kaitsega metalse raamistikuga triikimislaud, stiilse musta ja antratsiitv\u00e4rviga. Laud on reguleeritava k\u00f5rgusega 69 kuni 88cm, triikimispinna m\u00f5\u00f5dud 120x38cm. Auru l\u00e4bilaskev puuvillase katte tehnoloogia tagab kvaliteetse triikimise kergema vaevaga. Transpordilukk tagab kindla lukustuse triikimislaua liigutamisel. 3 aastat garantiid<\/p>\n","protected":false},"featured_media":12560,"comment_status":"closed","ping_status":"closed","template":"","meta":{"_acf_changed":false},"product_brand":[472],"product_cat":[162,521],"product_tag":[],"class_list":{"0":"post-12559","1":"product","2":"type-product","3":"status-publish","4":"has-post-thumbnail","6":"product_brand-leifheit","7":"product_cat-pesuhooldus","8":"product_cat-triikimislauad-ja-katted","9":"pa_kogus-1-tk","10":"pa_paritolumaa-tsehhi-vabariik","11":"pa_uhik-tk","13":"first","14":"instock","15":"purchasable","16":"product-type-simple"},"acf":[],"_links":{"self":[{"href":"https:\/\/ursus.ee\/en\/wp-json\/wp\/v2\/product\/12559","targetHints":{"allow":["GET"]}}],"collection":[{"href":"https:\/\/ursus.ee\/en\/wp-json\/wp\/v2\/product"}],"about":[{"href":"https:\/\/ursus.ee\/en\/wp-json\/wp\/v2\/types\/product"}],"replies":[{"embeddable":true,"href":"https:\/\/ursus.ee\/en\/wp-json\/wp\/v2\/comments?post=12559"}],"wp:featuredmedia":[{"embeddable":true,"href":"https:\/\/ursus.ee\/en\/wp-json\/wp\/v2\/media\/12560"}],"wp:attachment":[{"href":"https:\/\/ursus.ee\/en\/wp-json\/wp\/v2\/media?parent=12559"}],"wp:term":[{"taxonomy":"product_brand","embeddable":true,"href":"https:\/\/ursus.ee\/en\/wp-json\/wp\/v2\/product_brand?post=12559"},{"taxonomy":"product_cat","embeddable":true,"href":"https:\/\/ursus.ee\/en\/wp-json\/wp\/v2\/product_cat?post=12559"},{"taxonomy":"product_tag","embeddable":true,"href":"https:\/\/ursus.ee\/en\/wp-json\/wp\/v2\/product_tag?post=12559"}],"curies":[{"name":"wp","href":"https:\/\/api.w.org\/{rel}","templated":true}]}}