{"id":12556,"date":"2025-12-16T18:39:31","date_gmt":"2025-12-16T16:39:31","guid":{"rendered":"https:\/\/ursus.ee\/toode\/triikimislaud-airboard-compact-table-73x30cm-2\/"},"modified":"2026-03-27T16:17:18","modified_gmt":"2026-03-27T14:17:18","slug":"triikimislaud-airboard-compact-table-73x30cm-2","status":"publish","type":"product","link":"https:\/\/ursus.ee\/en\/toode\/triikimislaud-airboard-compact-table-73x30cm-2\/","title":{"rendered":"Triikimislaud Airboard Compact Table 73x30cm"},"content":{"rendered":"<p>Spetsiaalsest \u00fclikergest materjalist valmistatud patenditud tehnoloogiaga triikimislaud, kaalub 0,5kg ja sobib ideaalselt triikimiseks ka istudes, laual on spetsiaalsed p\u00f5lvede avaused. Lauale asetamiseks on alusel mittelibisevad jalased. Spetsiaalne \u00f5laosa triikimisfunktsioon v\u00f5imaldab h\u00e4sti triikida s\u00e4rke ja pluuse. Soojust tagasi peegeldav tehnoloogia tagab kvaliteetse triikimise 33% kergema vaevaga. Triikimispinna m\u00f5\u00f5dud on 73 cm x 30cm.<\/p>\n","protected":false},"excerpt":{"rendered":"<p>Spetsiaalsest \u00fclikergest materjalist valmistatud patenditud tehnoloogiaga triikimislaud, kaalub 0,5kg ja sobib ideaalselt triikimiseks ka istudes, laual on spetsiaalsed p\u00f5lvede avaused. Lauale asetamiseks on alusel mittelibisevad jalased. Spetsiaalne \u00f5laosa triikimisfunktsioon v\u00f5imaldab h\u00e4sti triikida s\u00e4rke ja pluuse. Soojust tagasi peegeldav tehnoloogia tagab kvaliteetse triikimise 33% kergema vaevaga. Triikimispinna m\u00f5\u00f5dud on 73 cm x 30cm.<\/p>\n","protected":false},"featured_media":12557,"comment_status":"closed","ping_status":"open","template":"","meta":{"_acf_changed":false},"product_brand":[472],"product_cat":[162,521],"product_tag":[],"class_list":{"0":"post-12556","1":"product","2":"type-product","3":"status-publish","4":"has-post-thumbnail","6":"product_brand-leifheit","7":"product_cat-pesuhooldus","8":"product_cat-triikimislauad-ja-katted","9":"pa_kogus-1-tk","10":"pa_paritolumaa-saksamaa","11":"pa_uhik-tk","13":"first","14":"instock","15":"purchasable","16":"product-type-simple"},"acf":[],"_links":{"self":[{"href":"https:\/\/ursus.ee\/en\/wp-json\/wp\/v2\/product\/12556","targetHints":{"allow":["GET"]}}],"collection":[{"href":"https:\/\/ursus.ee\/en\/wp-json\/wp\/v2\/product"}],"about":[{"href":"https:\/\/ursus.ee\/en\/wp-json\/wp\/v2\/types\/product"}],"replies":[{"embeddable":true,"href":"https:\/\/ursus.ee\/en\/wp-json\/wp\/v2\/comments?post=12556"}],"wp:featuredmedia":[{"embeddable":true,"href":"https:\/\/ursus.ee\/en\/wp-json\/wp\/v2\/media\/12557"}],"wp:attachment":[{"href":"https:\/\/ursus.ee\/en\/wp-json\/wp\/v2\/media?parent=12556"}],"wp:term":[{"taxonomy":"product_brand","embeddable":true,"href":"https:\/\/ursus.ee\/en\/wp-json\/wp\/v2\/product_brand?post=12556"},{"taxonomy":"product_cat","embeddable":true,"href":"https:\/\/ursus.ee\/en\/wp-json\/wp\/v2\/product_cat?post=12556"},{"taxonomy":"product_tag","embeddable":true,"href":"https:\/\/ursus.ee\/en\/wp-json\/wp\/v2\/product_tag?post=12556"}],"curies":[{"name":"wp","href":"https:\/\/api.w.org\/{rel}","templated":true}]}}