{"id":12546,"date":"2025-12-16T18:39:31","date_gmt":"2025-12-16T16:39:31","guid":{"rendered":"https:\/\/ursus.ee\/toode\/triikimislaua-polsterdus-universaalne-140x45cm-2\/"},"modified":"2026-03-27T16:17:18","modified_gmt":"2026-03-27T14:17:18","slug":"triikimislaua-polsterdus-universaalne-140x45cm-2","status":"publish","type":"product","link":"https:\/\/ursus.ee\/en\/toode\/triikimislaua-polsterdus-universaalne-140x45cm-2\/","title":{"rendered":"Triikimislaua polsterdus universaalne 140x45cm"},"content":{"rendered":"<p>Vildist triikimislaua polsterdus m\u00f5\u00f5duga 140x45cm ja paksusega 5mm muudab triikimise oluliselt mugavamaks. Pehmendab ja lihtsustab triikimist, t\u00e4nu oma omadustele ei kuma triikimislaua alus l\u00e4bi katte. Katet saab l\u00f5igata t\u00e4pselt Teile sobivasse m\u00f5\u00f5tu.<\/p>\n","protected":false},"excerpt":{"rendered":"<p>Vildist triikimislaua polsterdus m\u00f5\u00f5duga 140x45cm ja paksusega 5mm muudab triikimise oluliselt mugavamaks. Pehmendab ja lihtsustab triikimist, t\u00e4nu oma omadustele ei kuma triikimislaua alus l\u00e4bi katte. Katet saab l\u00f5igata t\u00e4pselt Teile sobivasse m\u00f5\u00f5tu.<\/p>\n","protected":false},"featured_media":12547,"comment_status":"closed","ping_status":"open","template":"","meta":{"_acf_changed":false},"product_brand":[472],"product_cat":[162,521],"product_tag":[],"class_list":{"0":"post-12546","1":"product","2":"type-product","3":"status-publish","4":"has-post-thumbnail","6":"product_brand-leifheit","7":"product_cat-pesuhooldus","8":"product_cat-triikimislauad-ja-katted","9":"pa_kogus-1-tk","10":"pa_paritolumaa-saksamaa","11":"pa_uhik-tk","13":"first","14":"instock","15":"purchasable","16":"product-type-simple"},"acf":[],"_links":{"self":[{"href":"https:\/\/ursus.ee\/en\/wp-json\/wp\/v2\/product\/12546","targetHints":{"allow":["GET"]}}],"collection":[{"href":"https:\/\/ursus.ee\/en\/wp-json\/wp\/v2\/product"}],"about":[{"href":"https:\/\/ursus.ee\/en\/wp-json\/wp\/v2\/types\/product"}],"replies":[{"embeddable":true,"href":"https:\/\/ursus.ee\/en\/wp-json\/wp\/v2\/comments?post=12546"}],"wp:featuredmedia":[{"embeddable":true,"href":"https:\/\/ursus.ee\/en\/wp-json\/wp\/v2\/media\/12547"}],"wp:attachment":[{"href":"https:\/\/ursus.ee\/en\/wp-json\/wp\/v2\/media?parent=12546"}],"wp:term":[{"taxonomy":"product_brand","embeddable":true,"href":"https:\/\/ursus.ee\/en\/wp-json\/wp\/v2\/product_brand?post=12546"},{"taxonomy":"product_cat","embeddable":true,"href":"https:\/\/ursus.ee\/en\/wp-json\/wp\/v2\/product_cat?post=12546"},{"taxonomy":"product_tag","embeddable":true,"href":"https:\/\/ursus.ee\/en\/wp-json\/wp\/v2\/product_tag?post=12546"}],"curies":[{"name":"wp","href":"https:\/\/api.w.org\/{rel}","templated":true}]}}