{"id":12544,"date":"2025-12-16T18:39:31","date_gmt":"2025-12-16T16:39:31","guid":{"rendered":"https:\/\/ursus.ee\/toode\/veekaabits-teleskoopvarrega-2\/"},"modified":"2026-03-27T16:20:21","modified_gmt":"2026-03-27T14:20:21","slug":"veekaabits-teleskoopvarrega-2","status":"publish","type":"product","link":"https:\/\/ursus.ee\/en\/toode\/veekaabits-teleskoopvarrega-2\/","title":{"rendered":"Veekaabits teleskoopvarrega"},"content":{"rendered":"<p>Teleskoopvarrega veekaabits eemaldab nii vee kui ka mustuse terrassil, treppidel, k\u00f6\u00f6gis, vannitoas ja muudes ruumides. Veekaabitsa laius 45cm, varustatud kahe kummiribaga. T\u00e4nu laiale puhastuspeale on v\u00f5imalik kiiresti ja lihtsa vaevaga puhastada suuri p\u00f5randapindasid. Reguleeritava pikkusega teleskoopvars 80 kuni 132cm, mis muudab selle kasutamise mugavaks. Veekaabitsa vars on varustatud riputusaasaga, mis v\u00f5imaldab seda praktiliselt ja ruumis\u00e4\u00e4stlikult hoiustada.<\/p>\n","protected":false},"excerpt":{"rendered":"<p>Teleskoopvarrega veekaabits eemaldab nii vee kui ka mustuse terrassil, treppidel, k\u00f6\u00f6gis, vannitoas ja muudes ruumides. Veekaabitsa laius 45cm, varustatud kahe kummiribaga. T\u00e4nu laiale puhastuspeale on v\u00f5imalik kiiresti ja lihtsa vaevaga puhastada suuri p\u00f5randapindasid. Reguleeritava pikkusega teleskoopvars 80 kuni 132cm, mis muudab selle kasutamise mugavaks. Veekaabitsa vars on varustatud riputusaasaga, mis v\u00f5imaldab seda praktiliselt ja ruumis\u00e4\u00e4stlikult<\/p>\n","protected":false},"featured_media":12545,"comment_status":"closed","ping_status":"closed","template":"","meta":{"_acf_changed":false},"product_brand":[472],"product_cat":[409,520],"product_tag":[],"class_list":{"0":"post-12544","1":"product","2":"type-product","3":"status-publish","4":"has-post-thumbnail","6":"product_brand-leifheit","7":"product_cat-koristustarvikud","8":"product_cat-akna-ja-klaasipuhastus","9":"pa_kogus-1-tk","10":"pa_paritolumaa-saksamaa","11":"pa_uhik-tk","13":"first","14":"instock","15":"purchasable","16":"product-type-simple"},"acf":[],"_links":{"self":[{"href":"https:\/\/ursus.ee\/en\/wp-json\/wp\/v2\/product\/12544","targetHints":{"allow":["GET"]}}],"collection":[{"href":"https:\/\/ursus.ee\/en\/wp-json\/wp\/v2\/product"}],"about":[{"href":"https:\/\/ursus.ee\/en\/wp-json\/wp\/v2\/types\/product"}],"replies":[{"embeddable":true,"href":"https:\/\/ursus.ee\/en\/wp-json\/wp\/v2\/comments?post=12544"}],"wp:featuredmedia":[{"embeddable":true,"href":"https:\/\/ursus.ee\/en\/wp-json\/wp\/v2\/media\/12545"}],"wp:attachment":[{"href":"https:\/\/ursus.ee\/en\/wp-json\/wp\/v2\/media?parent=12544"}],"wp:term":[{"taxonomy":"product_brand","embeddable":true,"href":"https:\/\/ursus.ee\/en\/wp-json\/wp\/v2\/product_brand?post=12544"},{"taxonomy":"product_cat","embeddable":true,"href":"https:\/\/ursus.ee\/en\/wp-json\/wp\/v2\/product_cat?post=12544"},{"taxonomy":"product_tag","embeddable":true,"href":"https:\/\/ursus.ee\/en\/wp-json\/wp\/v2\/product_tag?post=12544"}],"curies":[{"name":"wp","href":"https:\/\/api.w.org\/{rel}","templated":true}]}}