{"id":12542,"date":"2025-12-16T18:39:31","date_gmt":"2025-12-16T16:39:31","guid":{"rendered":"https:\/\/ursus.ee\/toode\/veekaabits-click-vannituba-2\/"},"modified":"2026-03-27T16:20:21","modified_gmt":"2026-03-27T14:20:21","slug":"veekaabits-click-vannituba-2","status":"publish","type":"product","link":"https:\/\/ursus.ee\/en\/toode\/veekaabits-click-vannituba-2\/","title":{"rendered":"Veekaabits Click vannituba"},"content":{"rendered":"<p>Kvaliteetsest antibakteriaalsest valgest dura-flex topeltkummiribadega vannitoa p\u00f5randakaabits eemaldab mustuse ja vee plaatidelt ning kivip\u00f5randalt t\u00e4iuslikult. Sobib nii vannitoa, basseini \u00fcmbruse kui ka sauna p\u00f5randale kasutamiseks. T\u00e4nu oma heale elastsusele ja kummi pehmusele sobib 45cm laiusega kaabits ka ebatasasel pinnal kasutamiseks. Kombineeritav k\u00f5ikide Leifheit click-s\u00fcsteemiga vartega.<\/p>\n","protected":false},"excerpt":{"rendered":"<p>Kvaliteetsest antibakteriaalsest valgest dura-flex topeltkummiribadega vannitoa p\u00f5randakaabits eemaldab mustuse ja vee plaatidelt ning kivip\u00f5randalt t\u00e4iuslikult. Sobib nii vannitoa, basseini \u00fcmbruse kui ka sauna p\u00f5randale kasutamiseks. T\u00e4nu oma heale elastsusele ja kummi pehmusele sobib 45cm laiusega kaabits ka ebatasasel pinnal kasutamiseks. Kombineeritav k\u00f5ikide Leifheit click-s\u00fcsteemiga vartega.<\/p>\n","protected":false},"featured_media":12543,"comment_status":"closed","ping_status":"open","template":"","meta":{"_acf_changed":false},"product_brand":[472],"product_cat":[409,520],"product_tag":[],"class_list":{"0":"post-12542","1":"product","2":"type-product","3":"status-publish","4":"has-post-thumbnail","6":"product_brand-leifheit","7":"product_cat-koristustarvikud","8":"product_cat-akna-ja-klaasipuhastus","9":"pa_kogus-1-tk","10":"pa_paritolumaa-saksamaa","11":"pa_uhik-tk","13":"first","14":"instock","15":"purchasable","16":"product-type-simple"},"acf":[],"_links":{"self":[{"href":"https:\/\/ursus.ee\/en\/wp-json\/wp\/v2\/product\/12542","targetHints":{"allow":["GET"]}}],"collection":[{"href":"https:\/\/ursus.ee\/en\/wp-json\/wp\/v2\/product"}],"about":[{"href":"https:\/\/ursus.ee\/en\/wp-json\/wp\/v2\/types\/product"}],"replies":[{"embeddable":true,"href":"https:\/\/ursus.ee\/en\/wp-json\/wp\/v2\/comments?post=12542"}],"wp:featuredmedia":[{"embeddable":true,"href":"https:\/\/ursus.ee\/en\/wp-json\/wp\/v2\/media\/12543"}],"wp:attachment":[{"href":"https:\/\/ursus.ee\/en\/wp-json\/wp\/v2\/media?parent=12542"}],"wp:term":[{"taxonomy":"product_brand","embeddable":true,"href":"https:\/\/ursus.ee\/en\/wp-json\/wp\/v2\/product_brand?post=12542"},{"taxonomy":"product_cat","embeddable":true,"href":"https:\/\/ursus.ee\/en\/wp-json\/wp\/v2\/product_cat?post=12542"},{"taxonomy":"product_tag","embeddable":true,"href":"https:\/\/ursus.ee\/en\/wp-json\/wp\/v2\/product_tag?post=12542"}],"curies":[{"name":"wp","href":"https:\/\/api.w.org\/{rel}","templated":true}]}}