{"id":12539,"date":"2025-12-16T18:39:31","date_gmt":"2025-12-16T16:39:31","guid":{"rendered":"https:\/\/ursus.ee\/toode\/akna-ja-veeimur-dryclean-2\/"},"modified":"2026-04-24T09:13:09","modified_gmt":"2026-04-24T06:13:09","slug":"akna-ja-veeimur-dryclean-2","status":"publish","type":"product","link":"https:\/\/ursus.ee\/en\/toode\/akna-ja-veeimur-dryclean-2\/","title":{"rendered":"Akna- ja veeimur Dry&#038;Clean"},"content":{"rendered":"<p>Leifheit akna- ja veeimuri abil saate imelihtsalt s\u00e4ravpuhtaks aknad, klaasid, peeglid, dushikabiini seinad ning isegi vannitoaseinad, seejuures j\u00e4tmata klaasile triipe. Ilma vaevalise poleerimise ja kuivatamiseta teeb Leifheiti nutikas imamiss\u00fcsteem v\u00f5imalikuks, et ka pesuvesi ei tilgu t\u00f6\u00f6 k\u00e4igus maha ja liigne vesi ei j\u00f5ua aknalauale ega p\u00f5randale. Eemaldab samuti efektiivselt erinevatele pindadele kondenseerunud vee. Kaalult kerge ja m\u00f5\u00f5tmetelt kompaktne kvaliteetne masin t\u00f6\u00f6tab \u00fche laadimiskorraga kuni 35 min ehk puhastab ligikaudu 100m\u00b2 pinda. Lisaks tagab pika t\u00f6\u00f6aja imuri automaatne ootere\u017eiimi funktsioon, mis l\u00fclitab koheselt energias\u00e4\u00e4sture\u017eiimilt maksimaalsele imemisre\u017eiimile kui imuri kummiribaga otsik klaasi puutub.<\/p>\n","protected":false},"excerpt":{"rendered":"<p>Leifheit akna- ja veeimuri abil saate imelihtsalt s\u00e4ravpuhtaks aknad, klaasid, peeglid, dushikabiini seinad ning isegi vannitoaseinad, seejuures j\u00e4tmata klaasile triipe. Ilma vaevalise poleerimise ja kuivatamiseta teeb Leifheiti nutikas imamiss\u00fcsteem v\u00f5imalikuks, et ka pesuvesi ei tilgu t\u00f6\u00f6 k\u00e4igus maha ja liigne vesi ei j\u00f5ua aknalauale ega p\u00f5randale. Eemaldab samuti efektiivselt erinevatele pindadele kondenseerunud vee. Kaalult kerge<\/p>\n","protected":false},"featured_media":12540,"comment_status":"closed","ping_status":"closed","template":"","meta":{"_acf_changed":false},"product_brand":[472],"product_cat":[409,520],"product_tag":[],"class_list":{"0":"post-12539","1":"product","2":"type-product","3":"status-publish","4":"has-post-thumbnail","6":"product_brand-leifheit","7":"product_cat-koristustarvikud","8":"product_cat-akna-ja-klaasipuhastus","9":"pa_kogus-1-tk","10":"pa_paritolumaa-saksamaa","11":"pa_uhik-tk","13":"first","14":"instock","15":"sale","16":"taxable","17":"shipping-taxable","18":"purchasable","19":"product-type-simple"},"acf":[],"_links":{"self":[{"href":"https:\/\/ursus.ee\/en\/wp-json\/wp\/v2\/product\/12539","targetHints":{"allow":["GET"]}}],"collection":[{"href":"https:\/\/ursus.ee\/en\/wp-json\/wp\/v2\/product"}],"about":[{"href":"https:\/\/ursus.ee\/en\/wp-json\/wp\/v2\/types\/product"}],"replies":[{"embeddable":true,"href":"https:\/\/ursus.ee\/en\/wp-json\/wp\/v2\/comments?post=12539"}],"wp:featuredmedia":[{"embeddable":true,"href":"https:\/\/ursus.ee\/en\/wp-json\/wp\/v2\/media\/12540"}],"wp:attachment":[{"href":"https:\/\/ursus.ee\/en\/wp-json\/wp\/v2\/media?parent=12539"}],"wp:term":[{"taxonomy":"product_brand","embeddable":true,"href":"https:\/\/ursus.ee\/en\/wp-json\/wp\/v2\/product_brand?post=12539"},{"taxonomy":"product_cat","embeddable":true,"href":"https:\/\/ursus.ee\/en\/wp-json\/wp\/v2\/product_cat?post=12539"},{"taxonomy":"product_tag","embeddable":true,"href":"https:\/\/ursus.ee\/en\/wp-json\/wp\/v2\/product_tag?post=12539"}],"curies":[{"name":"wp","href":"https:\/\/api.w.org\/{rel}","templated":true}]}}