{"id":12534,"date":"2025-12-16T18:39:31","date_gmt":"2025-12-16T16:39:31","guid":{"rendered":"https:\/\/ursus.ee\/toode\/vahetuskate-flexi-pad-2\/"},"modified":"2026-03-27T16:20:21","modified_gmt":"2026-03-27T14:20:21","slug":"vahetuskate-flexi-pad-2","status":"publish","type":"product","link":"https:\/\/ursus.ee\/en\/toode\/vahetuskate-flexi-pad-2\/","title":{"rendered":"Vahetuskate Flexi Pad"},"content":{"rendered":"<p>2-s\u00fcsteemne mikrofiibrist koos spetsiaalsete kergelt v\u00e4ljaulatuvate harjakestega puhastuskate Leifheit vannitoamopile Flexipad, sobib h\u00e4sti kivi \u2013ja kahhelpindadele. Eriti hea imavusv\u00f5imega. Kate on masinpestav 40\u00b0C juures, ei kaota oma omadusi ka peale korduvat pesu.<\/p>\n","protected":false},"excerpt":{"rendered":"<p>2-s\u00fcsteemne mikrofiibrist koos spetsiaalsete kergelt v\u00e4ljaulatuvate harjakestega puhastuskate Leifheit vannitoamopile Flexipad, sobib h\u00e4sti kivi \u2013ja kahhelpindadele. Eriti hea imavusv\u00f5imega. Kate on masinpestav 40\u00b0C juures, ei kaota oma omadusi ka peale korduvat pesu.<\/p>\n","protected":false},"featured_media":12535,"comment_status":"closed","ping_status":"open","template":"","meta":{"_acf_changed":false},"product_brand":[472],"product_cat":[409,520],"product_tag":[],"class_list":{"0":"post-12534","1":"product","2":"type-product","3":"status-publish","4":"has-post-thumbnail","6":"product_brand-leifheit","7":"product_cat-koristustarvikud","8":"product_cat-akna-ja-klaasipuhastus","9":"pa_kogus-1-tk","10":"pa_paritolumaa-saksamaa","11":"pa_uhik-tk","13":"first","14":"instock","15":"purchasable","16":"product-type-simple"},"acf":[],"_links":{"self":[{"href":"https:\/\/ursus.ee\/en\/wp-json\/wp\/v2\/product\/12534","targetHints":{"allow":["GET"]}}],"collection":[{"href":"https:\/\/ursus.ee\/en\/wp-json\/wp\/v2\/product"}],"about":[{"href":"https:\/\/ursus.ee\/en\/wp-json\/wp\/v2\/types\/product"}],"replies":[{"embeddable":true,"href":"https:\/\/ursus.ee\/en\/wp-json\/wp\/v2\/comments?post=12534"}],"wp:featuredmedia":[{"embeddable":true,"href":"https:\/\/ursus.ee\/en\/wp-json\/wp\/v2\/media\/12535"}],"wp:attachment":[{"href":"https:\/\/ursus.ee\/en\/wp-json\/wp\/v2\/media?parent=12534"}],"wp:term":[{"taxonomy":"product_brand","embeddable":true,"href":"https:\/\/ursus.ee\/en\/wp-json\/wp\/v2\/product_brand?post=12534"},{"taxonomy":"product_cat","embeddable":true,"href":"https:\/\/ursus.ee\/en\/wp-json\/wp\/v2\/product_cat?post=12534"},{"taxonomy":"product_tag","embeddable":true,"href":"https:\/\/ursus.ee\/en\/wp-json\/wp\/v2\/product_tag?post=12534"}],"curies":[{"name":"wp","href":"https:\/\/api.w.org\/{rel}","templated":true}]}}