{"id":12531,"date":"2025-12-16T18:39:31","date_gmt":"2025-12-16T16:39:31","guid":{"rendered":"https:\/\/ursus.ee\/toode\/tolmuhari-dusty-2\/"},"modified":"2026-03-27T16:18:35","modified_gmt":"2026-03-27T14:18:35","slug":"tolmuhari-dusty-2","status":"publish","type":"product","link":"https:\/\/ursus.ee\/en\/toode\/tolmuhari-dusty-2\/","title":{"rendered":"Tolmuhari Dusty"},"content":{"rendered":"<p>Dusty tolmuhari eemaldab t\u00e4nu oma nurgelisele kujule lihtsa vaevaga kogunenud tolmu ja \u00e4mblikuv\u00f5rgud raskesti ligip\u00e4\u00e4setavatest kohtadest ning nurkadest. Praktiline ja efektiivne koristustarvik. Tolmuhari \u00fchildub Leifheit Click s\u00fcsteemi teleskoopvarrega, mille abil p\u00e4\u00e4seb veelgi kaugemale. Teleskoopvars ei kuulu toote komplekti. Harja v\u00f5ib pesta jooksva vee all.<\/p>\n","protected":false},"excerpt":{"rendered":"<p>Dusty tolmuhari eemaldab t\u00e4nu oma nurgelisele kujule lihtsa vaevaga kogunenud tolmu ja \u00e4mblikuv\u00f5rgud raskesti ligip\u00e4\u00e4setavatest kohtadest ning nurkadest. Praktiline ja efektiivne koristustarvik. Tolmuhari \u00fchildub Leifheit Click s\u00fcsteemi teleskoopvarrega, mille abil p\u00e4\u00e4seb veelgi kaugemale. Teleskoopvars ei kuulu toote komplekti. Harja v\u00f5ib pesta jooksva vee all.<\/p>\n","protected":false},"featured_media":14464,"comment_status":"closed","ping_status":"closed","template":"","meta":{"_acf_changed":false},"product_brand":[472],"product_cat":[409,484],"product_tag":[],"class_list":{"0":"post-12531","1":"product","2":"type-product","3":"status-publish","4":"has-post-thumbnail","6":"product_brand-leifheit","7":"product_cat-koristustarvikud","8":"product_cat-tolmuharjad","9":"pa_kogus-1-tk","10":"pa_paritolumaa-saksamaa","11":"pa_uhik-tk","13":"first","14":"instock","15":"purchasable","16":"product-type-simple"},"acf":[],"_links":{"self":[{"href":"https:\/\/ursus.ee\/en\/wp-json\/wp\/v2\/product\/12531","targetHints":{"allow":["GET"]}}],"collection":[{"href":"https:\/\/ursus.ee\/en\/wp-json\/wp\/v2\/product"}],"about":[{"href":"https:\/\/ursus.ee\/en\/wp-json\/wp\/v2\/types\/product"}],"replies":[{"embeddable":true,"href":"https:\/\/ursus.ee\/en\/wp-json\/wp\/v2\/comments?post=12531"}],"wp:featuredmedia":[{"embeddable":true,"href":"https:\/\/ursus.ee\/en\/wp-json\/wp\/v2\/media\/14464"}],"wp:attachment":[{"href":"https:\/\/ursus.ee\/en\/wp-json\/wp\/v2\/media?parent=12531"}],"wp:term":[{"taxonomy":"product_brand","embeddable":true,"href":"https:\/\/ursus.ee\/en\/wp-json\/wp\/v2\/product_brand?post=12531"},{"taxonomy":"product_cat","embeddable":true,"href":"https:\/\/ursus.ee\/en\/wp-json\/wp\/v2\/product_cat?post=12531"},{"taxonomy":"product_tag","embeddable":true,"href":"https:\/\/ursus.ee\/en\/wp-json\/wp\/v2\/product_tag?post=12531"}],"curies":[{"name":"wp","href":"https:\/\/api.w.org\/{rel}","templated":true}]}}