{"id":12528,"date":"2025-12-16T18:39:31","date_gmt":"2025-12-16T16:39:31","guid":{"rendered":"https:\/\/ursus.ee\/toode\/tolmuhari-duster-xl-2\/"},"modified":"2026-03-27T16:18:35","modified_gmt":"2026-03-27T14:18:35","slug":"tolmuhari-duster-xl-2","status":"publish","type":"product","link":"https:\/\/ursus.ee\/en\/toode\/tolmuhari-duster-xl-2\/","title":{"rendered":"Tolmuhari Duster XL"},"content":{"rendered":"<p>Antistaatilised ja h\u00e4sti tihedad mikrokiud koguvad h\u00e4sti tolmu ja hoiavad seda endas. Pehmed kiud sobivad igasuguse pinna puhastamiseks (ribakardinad, arvuti, peegel, m\u00f6\u00f6bel). Puhastuspinna pikkus 38cm. Toode on pestav k\u00e4sitsi 30\u00b0C temperatuuri juures. Leifheit Click s\u00fcsteemiga \u00fchildatav, st poes on saadaval eraldi pikendatav vars k\u00f5rgematest kohtadest tolmu p\u00fchkimiseks, mis sobib ka paljudele teistele Leifheit koristustarvikutele.<\/p>\n","protected":false},"excerpt":{"rendered":"<p>Antistaatilised ja h\u00e4sti tihedad mikrokiud koguvad h\u00e4sti tolmu ja hoiavad seda endas. Pehmed kiud sobivad igasuguse pinna puhastamiseks (ribakardinad, arvuti, peegel, m\u00f6\u00f6bel). Puhastuspinna pikkus 38cm. Toode on pestav k\u00e4sitsi 30\u00b0C temperatuuri juures. Leifheit Click s\u00fcsteemiga \u00fchildatav, st poes on saadaval eraldi pikendatav vars k\u00f5rgematest kohtadest tolmu p\u00fchkimiseks, mis sobib ka paljudele teistele Leifheit koristustarvikutele.<\/p>\n","protected":false},"featured_media":13770,"comment_status":"closed","ping_status":"closed","template":"","meta":{"_acf_changed":false},"product_brand":[472],"product_cat":[409,484],"product_tag":[],"class_list":{"0":"post-12528","1":"product","2":"type-product","3":"status-publish","4":"has-post-thumbnail","6":"product_brand-leifheit","7":"product_cat-koristustarvikud","8":"product_cat-tolmuharjad","9":"pa_kogus-1-tk","10":"pa_paritolumaa-saksamaa","11":"pa_uhik-tk","13":"first","14":"instock","15":"purchasable","16":"product-type-simple"},"acf":[],"_links":{"self":[{"href":"https:\/\/ursus.ee\/en\/wp-json\/wp\/v2\/product\/12528","targetHints":{"allow":["GET"]}}],"collection":[{"href":"https:\/\/ursus.ee\/en\/wp-json\/wp\/v2\/product"}],"about":[{"href":"https:\/\/ursus.ee\/en\/wp-json\/wp\/v2\/types\/product"}],"replies":[{"embeddable":true,"href":"https:\/\/ursus.ee\/en\/wp-json\/wp\/v2\/comments?post=12528"}],"wp:featuredmedia":[{"embeddable":true,"href":"https:\/\/ursus.ee\/en\/wp-json\/wp\/v2\/media\/13770"}],"wp:attachment":[{"href":"https:\/\/ursus.ee\/en\/wp-json\/wp\/v2\/media?parent=12528"}],"wp:term":[{"taxonomy":"product_brand","embeddable":true,"href":"https:\/\/ursus.ee\/en\/wp-json\/wp\/v2\/product_brand?post=12528"},{"taxonomy":"product_cat","embeddable":true,"href":"https:\/\/ursus.ee\/en\/wp-json\/wp\/v2\/product_cat?post=12528"},{"taxonomy":"product_tag","embeddable":true,"href":"https:\/\/ursus.ee\/en\/wp-json\/wp\/v2\/product_tag?post=12528"}],"curies":[{"name":"wp","href":"https:\/\/api.w.org\/{rel}","templated":true}]}}