{"id":12525,"date":"2025-12-16T18:39:31","date_gmt":"2025-12-16T16:39:31","guid":{"rendered":"https:\/\/ursus.ee\/toode\/tolmuhari-superduster-vahetuskate-2\/"},"modified":"2026-03-27T16:18:35","modified_gmt":"2026-03-27T14:18:35","slug":"tolmuhari-superduster-vahetuskate-2","status":"publish","type":"product","link":"https:\/\/ursus.ee\/en\/toode\/tolmuhari-superduster-vahetuskate-2\/","title":{"rendered":"Tolmuhari Superduster vahetuskate"},"content":{"rendered":"<p>Superdusteri vahetuskate on keskkonnas\u00f5bralik ja s\u00e4\u00e4stev lahendus<br \/>\nDuster kate pakub j\u00e4tkusuutlikku alternatiivi ja avaldab muljet oma j\u00e4rjepideva puhastustulemusega ka p\u00e4rast mitmekordset pesu. 360 \u00b0 mikrokiududega kate haarab usaldusv\u00e4\u00e4rselt juukseid, tolmu ja allergeene ning seob neid oma kiududes. Tolmuharja hooldamiseks raputage riidest otsikut p\u00e4rast pesemist ja laske sel kuivada, et see s\u00e4ilitaks oma painduva ja koheva kuju.  Katet saab pesta kuni 50 korda temperatuuril 40 \u00b0 C. Ideaalne suurte pindade ja kitsaste s\u00fcvendite puhastamiseks t\u00e4nu kitsastele k\u00fclgedele ja laiale katte osale.  Dusteri kate saab Superdusterist h\u00f5lpsasti eemaldada ja surunuppu abil taas peale asetada.<\/p>\n","protected":false},"excerpt":{"rendered":"<p>Superdusteri vahetuskate on keskkonnas\u00f5bralik ja s\u00e4\u00e4stev lahendus Duster kate pakub j\u00e4tkusuutlikku alternatiivi ja avaldab muljet oma j\u00e4rjepideva puhastustulemusega ka p\u00e4rast mitmekordset pesu. 360 \u00b0 mikrokiududega kate haarab usaldusv\u00e4\u00e4rselt juukseid, tolmu ja allergeene ning seob neid oma kiududes. Tolmuharja hooldamiseks raputage riidest otsikut p\u00e4rast pesemist ja laske sel kuivada, et see s\u00e4ilitaks oma painduva ja koheva<\/p>\n","protected":false},"featured_media":12526,"comment_status":"closed","ping_status":"open","template":"","meta":{"_acf_changed":false},"product_brand":[472],"product_cat":[409,484],"product_tag":[],"class_list":{"0":"post-12525","1":"product","2":"type-product","3":"status-publish","4":"has-post-thumbnail","6":"product_brand-leifheit","7":"product_cat-koristustarvikud","8":"product_cat-tolmuharjad","9":"pa_kogus-1-tk","10":"pa_paritolumaa-tsehhi-vabariik","11":"pa_uhik-tk","13":"first","14":"instock","15":"purchasable","16":"product-type-simple"},"acf":[],"_links":{"self":[{"href":"https:\/\/ursus.ee\/en\/wp-json\/wp\/v2\/product\/12525","targetHints":{"allow":["GET"]}}],"collection":[{"href":"https:\/\/ursus.ee\/en\/wp-json\/wp\/v2\/product"}],"about":[{"href":"https:\/\/ursus.ee\/en\/wp-json\/wp\/v2\/types\/product"}],"replies":[{"embeddable":true,"href":"https:\/\/ursus.ee\/en\/wp-json\/wp\/v2\/comments?post=12525"}],"wp:featuredmedia":[{"embeddable":true,"href":"https:\/\/ursus.ee\/en\/wp-json\/wp\/v2\/media\/12526"}],"wp:attachment":[{"href":"https:\/\/ursus.ee\/en\/wp-json\/wp\/v2\/media?parent=12525"}],"wp:term":[{"taxonomy":"product_brand","embeddable":true,"href":"https:\/\/ursus.ee\/en\/wp-json\/wp\/v2\/product_brand?post=12525"},{"taxonomy":"product_cat","embeddable":true,"href":"https:\/\/ursus.ee\/en\/wp-json\/wp\/v2\/product_cat?post=12525"},{"taxonomy":"product_tag","embeddable":true,"href":"https:\/\/ursus.ee\/en\/wp-json\/wp\/v2\/product_tag?post=12525"}],"curies":[{"name":"wp","href":"https:\/\/api.w.org\/{rel}","templated":true}]}}