{"id":12519,"date":"2025-12-16T18:36:11","date_gmt":"2025-12-16T16:36:11","guid":{"rendered":"https:\/\/ursus.ee\/toode\/tolmuhari-superduster-2\/"},"modified":"2026-03-30T10:00:49","modified_gmt":"2026-03-30T07:00:49","slug":"tolmuhari-superduster-2","status":"publish","type":"product","link":"https:\/\/ursus.ee\/en\/toode\/tolmuhari-superduster-2\/","title":{"rendered":"Tolmuhari Superduster\u00a0"},"content":{"rendered":"<p>Leifheiti SUPERDUSTER tolmuhari \u00fchendab mugavuse, t\u00f5hususe ja j\u00e4tkusuutlikkuse \u00fches tootes, muutes selle uueks tolmuvastaseks superv\u00f5imeks. T\u00e4nu 360\u00b0 mikrokiudkangale p\u00fc\u00fctakse tolm, juuksed ja allergeenid usaldusv\u00e4\u00e4rselt kinni ilma osakesi uuesti lendu levitamata. Paindlik disain v\u00f5imaldab laudadel ja riiulitel olevate esemete p\u00f5hjalikku puhastamist, kuna tolmuharja saab raamatute ja dekoratiivesemete \u00fcmber paindlikult juhtida ilma neid liigutamata. SUPERDUSTER on usaldusv\u00e4\u00e4rne abiline ka v\u00e4ikeste ni\u0161\u0161ide ja muude raskesti ligip\u00e4\u00e4setavate kohtade puhastamiseks ning autosalongi puhastamiseks.\u00a0 Pestavat tolmuharja katet saab pesta kuni 50 korda 40 \u00b0C juures, pakkudes pikaajalist alternatiivi \u00fchekordselt kasutatavatele toodetele. T\u00e4nu laiade ja kitsaste k\u00fclgede kombinatsioonile puhastab Leifheiti SUPERDUSTER tolmuhari vaevata ja t\u00e4pselt selliseid pindu nagu lauaplaadid ja riiulid, aga ka kitsaid vahesid ja raskesti ligip\u00e4\u00e4setavaid nurki. Ergonoomiline k\u00e4epide, mis on valmistatud 96% ulatuses taaskasutatud plastist, pakub lisamugavust ja seda on mugav k\u00e4es hoida. Leifheiti Click-s\u00fcsteem v\u00f5imaldab teil lisada \u00fchilduvaid varsi, et k\u00f5rgemates kohtades oleks lihtne puhastada. Kasutajas\u00f5braliku disaini t\u00e4iustab nupp, mis vabastab tolmukatte kiiresti.<\/p>\n","protected":false},"excerpt":{"rendered":"<p>Leifheiti SUPERDUSTER tolmuhari \u00fchendab mugavuse, t\u00f5hususe ja j\u00e4tkusuutlikkuse \u00fches tootes, muutes selle uueks tolmuvastaseks superv\u00f5imeks. T\u00e4nu 360\u00b0 mikrokiudkangale p\u00fc\u00fctakse tolm, juuksed ja allergeenid usaldusv\u00e4\u00e4rselt kinni ilma osakesi uuesti lendu levitamata. Paindlik disain v\u00f5imaldab laudadel ja riiulitel olevate esemete p\u00f5hjalikku puhastamist, kuna tolmuharja saab raamatute ja dekoratiivesemete \u00fcmber paindlikult juhtida ilma neid liigutamata. SUPERDUSTER on usaldusv\u00e4\u00e4rne<\/p>\n","protected":false},"featured_media":12520,"comment_status":"closed","ping_status":"closed","template":"","meta":{"_acf_changed":false},"product_brand":[472],"product_cat":[409,484],"product_tag":[],"class_list":{"0":"post-12519","1":"product","2":"type-product","3":"status-publish","4":"has-post-thumbnail","6":"product_brand-leifheit","7":"product_cat-koristustarvikud","8":"product_cat-tolmuharjad","9":"pa_kogus-1-tk","10":"pa_paritolumaa-tsehhi-vabariik","11":"pa_uhik-tk","13":"first","14":"instock","15":"purchasable","16":"product-type-simple"},"acf":[],"_links":{"self":[{"href":"https:\/\/ursus.ee\/en\/wp-json\/wp\/v2\/product\/12519","targetHints":{"allow":["GET"]}}],"collection":[{"href":"https:\/\/ursus.ee\/en\/wp-json\/wp\/v2\/product"}],"about":[{"href":"https:\/\/ursus.ee\/en\/wp-json\/wp\/v2\/types\/product"}],"replies":[{"embeddable":true,"href":"https:\/\/ursus.ee\/en\/wp-json\/wp\/v2\/comments?post=12519"}],"wp:featuredmedia":[{"embeddable":true,"href":"https:\/\/ursus.ee\/en\/wp-json\/wp\/v2\/media\/12520"}],"wp:attachment":[{"href":"https:\/\/ursus.ee\/en\/wp-json\/wp\/v2\/media?parent=12519"}],"wp:term":[{"taxonomy":"product_brand","embeddable":true,"href":"https:\/\/ursus.ee\/en\/wp-json\/wp\/v2\/product_brand?post=12519"},{"taxonomy":"product_cat","embeddable":true,"href":"https:\/\/ursus.ee\/en\/wp-json\/wp\/v2\/product_cat?post=12519"},{"taxonomy":"product_tag","embeddable":true,"href":"https:\/\/ursus.ee\/en\/wp-json\/wp\/v2\/product_tag?post=12519"}],"curies":[{"name":"wp","href":"https:\/\/api.w.org\/{rel}","templated":true}]}}