{"id":12517,"date":"2025-12-16T18:36:11","date_gmt":"2025-12-16T16:36:11","guid":{"rendered":"https:\/\/ursus.ee\/toode\/tolmuhari-superduster-xl-2\/"},"modified":"2026-03-27T16:18:35","modified_gmt":"2026-03-27T14:18:35","slug":"tolmuhari-superduster-xl-2","status":"publish","type":"product","link":"https:\/\/ursus.ee\/en\/toode\/tolmuhari-superduster-xl-2\/","title":{"rendered":"Tolmuhari Superduster XL"},"content":{"rendered":"<p>J\u00e4tkusuutlik, t\u00f5hus ja usaldusv\u00e4\u00e4rne \u2013 Leifheiti SUPERDUSTER XL tolmuharjaga saab tolmu hetkega eemaldada. Tolmuharja ekstrapika 56cm fliiskanga saab pesemiseks k\u00e4epidemelt nupuvajutusega eemaldada. Seda saab pesumasinas 40 \u00b0C juures pesta kuni 50 korda \u2013 see on mitte ainult rahakotis\u00f5bralik, vaid ka s\u00e4\u00e4stlikum kui tavalised \u00fchekordselt kasutatavad tooted. Sest pestava tolmuharjaga pole vaja osta juurde lappe, mis tekitavad tarbetuid j\u00e4\u00e4tmeid. Leifheit SUPERDUSTER XL tolmuharja puhastamiseks koputage lihtsalt tolmu veidi v\u00e4lja, pange see vajadusel pesumasinasse, seej\u00e4rel raputage ja laske kuivada. Nii taastab riidest osa oma elastse ja koheva kuju. P\u00e4rast pesemist on see uuesti t\u00e4ielikult kasutusvalmis ja puhastust\u00f5husus on k\u00f5rge. XL-suuruse ja 360\u00b0 mikrokiudkangaga tolmuhari korjab usaldusv\u00e4\u00e4rselt tolmu, juukseid ja allergeene isegi suurtelt ja k\u00f5rgematelt pindadelt ning p\u00fc\u00fcab need kiududesse kinni ilma tolmu lendu levitamata. SUPERDUSTER XL tolmuharjal on lai ja kitsas k\u00fclg nii suurte pindade kui ka v\u00e4ikeste s\u00fcvendite puhastamiseks. Ergonoomiline taaskasutatud plastist k\u00e4epide on mugav k\u00e4es hoida. Valmistatud 96% ulatuses taaskasutatud plastist \u2013 see on j\u00e4tkusuutlik. V\u00e4ga praktiline: tolmuhari on varustatud Leifheit Click s\u00fcsteemiga, seega saab seda kombineerida selle s\u00fcsteemi vartega. See muudab kappide v\u00f5i riiulite k\u00f5rgemate pindade puhastamise lihtsaks ja ohutuks \u2013 ilma toolile v\u00f5i redelile ronimata.<\/p>\n","protected":false},"excerpt":{"rendered":"<p>J\u00e4tkusuutlik, t\u00f5hus ja usaldusv\u00e4\u00e4rne \u2013 Leifheiti SUPERDUSTER XL tolmuharjaga saab tolmu hetkega eemaldada. Tolmuharja ekstrapika 56cm fliiskanga saab pesemiseks k\u00e4epidemelt nupuvajutusega eemaldada. Seda saab pesumasinas 40 \u00b0C juures pesta kuni 50 korda \u2013 see on mitte ainult rahakotis\u00f5bralik, vaid ka s\u00e4\u00e4stlikum kui tavalised \u00fchekordselt kasutatavad tooted. Sest pestava tolmuharjaga pole vaja osta juurde lappe, mis<\/p>\n","protected":false},"featured_media":12518,"comment_status":"closed","ping_status":"open","template":"","meta":{"_acf_changed":false},"product_brand":[472],"product_cat":[409,484],"product_tag":[],"class_list":{"0":"post-12517","1":"product","2":"type-product","3":"status-publish","4":"has-post-thumbnail","6":"product_brand-leifheit","7":"product_cat-koristustarvikud","8":"product_cat-tolmuharjad","9":"pa_kogus-1-tk","10":"pa_paritolumaa-tsehhi-vabariik","11":"pa_uhik-tk","13":"first","14":"instock","15":"purchasable","16":"product-type-simple"},"acf":[],"_links":{"self":[{"href":"https:\/\/ursus.ee\/en\/wp-json\/wp\/v2\/product\/12517","targetHints":{"allow":["GET"]}}],"collection":[{"href":"https:\/\/ursus.ee\/en\/wp-json\/wp\/v2\/product"}],"about":[{"href":"https:\/\/ursus.ee\/en\/wp-json\/wp\/v2\/types\/product"}],"replies":[{"embeddable":true,"href":"https:\/\/ursus.ee\/en\/wp-json\/wp\/v2\/comments?post=12517"}],"wp:featuredmedia":[{"embeddable":true,"href":"https:\/\/ursus.ee\/en\/wp-json\/wp\/v2\/media\/12518"}],"wp:attachment":[{"href":"https:\/\/ursus.ee\/en\/wp-json\/wp\/v2\/media?parent=12517"}],"wp:term":[{"taxonomy":"product_brand","embeddable":true,"href":"https:\/\/ursus.ee\/en\/wp-json\/wp\/v2\/product_brand?post=12517"},{"taxonomy":"product_cat","embeddable":true,"href":"https:\/\/ursus.ee\/en\/wp-json\/wp\/v2\/product_cat?post=12517"},{"taxonomy":"product_tag","embeddable":true,"href":"https:\/\/ursus.ee\/en\/wp-json\/wp\/v2\/product_tag?post=12517"}],"curies":[{"name":"wp","href":"https:\/\/api.w.org\/{rel}","templated":true}]}}