{"id":12507,"date":"2025-12-16T18:36:11","date_gmt":"2025-12-16T16:36:11","guid":{"rendered":"https:\/\/ursus.ee\/toode\/porandahari-softeasy-vahetusotsik-2\/"},"modified":"2026-03-27T16:19:52","modified_gmt":"2026-03-27T14:19:52","slug":"porandahari-softeasy-vahetusotsik-2","status":"publish","type":"product","link":"https:\/\/ursus.ee\/en\/toode\/porandahari-softeasy-vahetusotsik-2\/","title":{"rendered":"P\u00f5randahari Soft&#038;Easy vahetusotsik"},"content":{"rendered":"<p>Vahetuskate sobib p\u00f5randaharjale Leifheit Soft&#038;Easy. Katte laius 34cm. Omadused: t\u00f5mbab mustuse ja tolmu ning karvad enda k\u00fclge kui magnet. Ideaalne lemmikloomadega kodudesse.<\/p>\n","protected":false},"excerpt":{"rendered":"<p>Vahetuskate sobib p\u00f5randaharjale Leifheit Soft&#038;Easy. Katte laius 34cm. Omadused: t\u00f5mbab mustuse ja tolmu ning karvad enda k\u00fclge kui magnet. Ideaalne lemmikloomadega kodudesse.<\/p>\n","protected":false},"featured_media":12508,"comment_status":"closed","ping_status":"open","template":"","meta":{"_acf_changed":false},"product_brand":[472],"product_cat":[409,453],"product_tag":[],"class_list":{"0":"post-12507","1":"product","2":"type-product","3":"status-publish","4":"has-post-thumbnail","6":"product_brand-leifheit","7":"product_cat-koristustarvikud","8":"product_cat-porandapuhastus","9":"pa_kogus-1-tk","10":"pa_paritolumaa-saksamaa","11":"pa_uhik-tk","13":"first","14":"instock","15":"purchasable","16":"product-type-simple"},"acf":[],"_links":{"self":[{"href":"https:\/\/ursus.ee\/en\/wp-json\/wp\/v2\/product\/12507","targetHints":{"allow":["GET"]}}],"collection":[{"href":"https:\/\/ursus.ee\/en\/wp-json\/wp\/v2\/product"}],"about":[{"href":"https:\/\/ursus.ee\/en\/wp-json\/wp\/v2\/types\/product"}],"replies":[{"embeddable":true,"href":"https:\/\/ursus.ee\/en\/wp-json\/wp\/v2\/comments?post=12507"}],"wp:featuredmedia":[{"embeddable":true,"href":"https:\/\/ursus.ee\/en\/wp-json\/wp\/v2\/media\/12508"}],"wp:attachment":[{"href":"https:\/\/ursus.ee\/en\/wp-json\/wp\/v2\/media?parent=12507"}],"wp:term":[{"taxonomy":"product_brand","embeddable":true,"href":"https:\/\/ursus.ee\/en\/wp-json\/wp\/v2\/product_brand?post=12507"},{"taxonomy":"product_cat","embeddable":true,"href":"https:\/\/ursus.ee\/en\/wp-json\/wp\/v2\/product_cat?post=12507"},{"taxonomy":"product_tag","embeddable":true,"href":"https:\/\/ursus.ee\/en\/wp-json\/wp\/v2\/product_tag?post=12507"}],"curies":[{"name":"wp","href":"https:\/\/api.w.org\/{rel}","templated":true}]}}