{"id":12501,"date":"2025-12-16T18:36:11","date_gmt":"2025-12-16T16:36:11","guid":{"rendered":"https:\/\/ursus.ee\/toode\/porandahari-supra-vahetusotsik-2\/"},"modified":"2026-03-27T16:19:52","modified_gmt":"2026-03-27T14:19:52","slug":"porandahari-supra-vahetusotsik-2","status":"publish","type":"product","link":"https:\/\/ursus.ee\/en\/toode\/porandahari-supra-vahetusotsik-2\/","title":{"rendered":"P\u00f5randahari Supra vahetusotsik"},"content":{"rendered":"<p>Naturaalsest kummist valmistatud h\u00fcgieenlised Supra harjased p\u00fchivad tolmu, karvad ja mustuse isegi vaipadelt. Eemaldab efektiivselt ka \u00fcleliigse maha l\u00e4inud vee. \u00dchildub k\u00f5ikide Leifheit click-s\u00fcsteemiga teleskoopvaretga. P\u00fchkimislaius on 35cm.<\/p>\n","protected":false},"excerpt":{"rendered":"<p>Naturaalsest kummist valmistatud h\u00fcgieenlised Supra harjased p\u00fchivad tolmu, karvad ja mustuse isegi vaipadelt. Eemaldab efektiivselt ka \u00fcleliigse maha l\u00e4inud vee. \u00dchildub k\u00f5ikide Leifheit click-s\u00fcsteemiga teleskoopvaretga. P\u00fchkimislaius on 35cm.<\/p>\n","protected":false},"featured_media":12502,"comment_status":"closed","ping_status":"open","template":"","meta":{"_acf_changed":false},"product_brand":[472],"product_cat":[409,453],"product_tag":[],"class_list":{"0":"post-12501","1":"product","2":"type-product","3":"status-publish","4":"has-post-thumbnail","6":"product_brand-leifheit","7":"product_cat-koristustarvikud","8":"product_cat-porandapuhastus","9":"pa_kogus-1-tk","10":"pa_paritolumaa-saksamaa","11":"pa_uhik-tk","13":"first","14":"instock","15":"purchasable","16":"product-type-simple"},"acf":[],"_links":{"self":[{"href":"https:\/\/ursus.ee\/en\/wp-json\/wp\/v2\/product\/12501","targetHints":{"allow":["GET"]}}],"collection":[{"href":"https:\/\/ursus.ee\/en\/wp-json\/wp\/v2\/product"}],"about":[{"href":"https:\/\/ursus.ee\/en\/wp-json\/wp\/v2\/types\/product"}],"replies":[{"embeddable":true,"href":"https:\/\/ursus.ee\/en\/wp-json\/wp\/v2\/comments?post=12501"}],"wp:featuredmedia":[{"embeddable":true,"href":"https:\/\/ursus.ee\/en\/wp-json\/wp\/v2\/media\/12502"}],"wp:attachment":[{"href":"https:\/\/ursus.ee\/en\/wp-json\/wp\/v2\/media?parent=12501"}],"wp:term":[{"taxonomy":"product_brand","embeddable":true,"href":"https:\/\/ursus.ee\/en\/wp-json\/wp\/v2\/product_brand?post=12501"},{"taxonomy":"product_cat","embeddable":true,"href":"https:\/\/ursus.ee\/en\/wp-json\/wp\/v2\/product_cat?post=12501"},{"taxonomy":"product_tag","embeddable":true,"href":"https:\/\/ursus.ee\/en\/wp-json\/wp\/v2\/product_tag?post=12501"}],"curies":[{"name":"wp","href":"https:\/\/api.w.org\/{rel}","templated":true}]}}