{"id":12499,"date":"2025-12-16T18:36:11","date_gmt":"2025-12-16T16:36:11","guid":{"rendered":"https:\/\/ursus.ee\/toode\/porandahari-supra-kummiharjastega-2\/"},"modified":"2026-03-27T16:19:52","modified_gmt":"2026-03-27T14:19:52","slug":"porandahari-supra-kummiharjastega-2","status":"publish","type":"product","link":"https:\/\/ursus.ee\/en\/toode\/porandahari-supra-kummiharjastega-2\/","title":{"rendered":"P\u00f5randahari Supra kummiharjastega"},"content":{"rendered":"<p>Ideaalne vahend vaipade ja riidemattide puhastamiseks. Kogub kokku nii loomakarvad kui tolmuebemed. Sobib h\u00e4sti siledate ja ka eba\u00fchtlaste pindade puhastamiseks. Lihtne puhastada vee ja puhastusvahendiga. Sobib kasutamiseks kodus, aias ja t\u00e4naval.<\/p>\n","protected":false},"excerpt":{"rendered":"<p>Ideaalne vahend vaipade ja riidemattide puhastamiseks. Kogub kokku nii loomakarvad kui tolmuebemed. Sobib h\u00e4sti siledate ja ka eba\u00fchtlaste pindade puhastamiseks. Lihtne puhastada vee ja puhastusvahendiga. Sobib kasutamiseks kodus, aias ja t\u00e4naval.<\/p>\n","protected":false},"featured_media":13772,"comment_status":"closed","ping_status":"closed","template":"","meta":{"_acf_changed":false},"product_brand":[472],"product_cat":[409,453],"product_tag":[],"class_list":{"0":"post-12499","1":"product","2":"type-product","3":"status-publish","4":"has-post-thumbnail","6":"product_brand-leifheit","7":"product_cat-koristustarvikud","8":"product_cat-porandapuhastus","9":"pa_kogus-1-tk","10":"pa_paritolumaa-saksamaa","11":"pa_uhik-tk","13":"first","14":"instock","15":"purchasable","16":"product-type-simple"},"acf":[],"_links":{"self":[{"href":"https:\/\/ursus.ee\/en\/wp-json\/wp\/v2\/product\/12499","targetHints":{"allow":["GET"]}}],"collection":[{"href":"https:\/\/ursus.ee\/en\/wp-json\/wp\/v2\/product"}],"about":[{"href":"https:\/\/ursus.ee\/en\/wp-json\/wp\/v2\/types\/product"}],"replies":[{"embeddable":true,"href":"https:\/\/ursus.ee\/en\/wp-json\/wp\/v2\/comments?post=12499"}],"wp:featuredmedia":[{"embeddable":true,"href":"https:\/\/ursus.ee\/en\/wp-json\/wp\/v2\/media\/13772"}],"wp:attachment":[{"href":"https:\/\/ursus.ee\/en\/wp-json\/wp\/v2\/media?parent=12499"}],"wp:term":[{"taxonomy":"product_brand","embeddable":true,"href":"https:\/\/ursus.ee\/en\/wp-json\/wp\/v2\/product_brand?post=12499"},{"taxonomy":"product_cat","embeddable":true,"href":"https:\/\/ursus.ee\/en\/wp-json\/wp\/v2\/product_cat?post=12499"},{"taxonomy":"product_tag","embeddable":true,"href":"https:\/\/ursus.ee\/en\/wp-json\/wp\/v2\/product_tag?post=12499"}],"curies":[{"name":"wp","href":"https:\/\/api.w.org\/{rel}","templated":true}]}}