{"id":12493,"date":"2025-12-16T18:36:11","date_gmt":"2025-12-16T16:36:11","guid":{"rendered":"https:\/\/ursus.ee\/toode\/porandapesija-vahetuskate-clean-twist-combi-microduo-2\/"},"modified":"2026-03-27T16:19:52","modified_gmt":"2026-03-27T14:19:52","slug":"porandapesija-vahetuskate-clean-twist-combi-microduo-2","status":"publish","type":"product","link":"https:\/\/ursus.ee\/en\/toode\/porandapesija-vahetuskate-clean-twist-combi-microduo-2\/","title":{"rendered":"P\u00f5randapesija vahetuskate Clean Twist\/Combi MicroDuo"},"content":{"rendered":"<p>Vahetuskate sobib Leifheit p\u00f5randapesijatele Twist System M ja Combi M. Paigaldamine kiire ja lihtne. Mikrofiiberkate valmistatud kahel erineval tasapinnal asetsevatest kiududest, mis puhastavad efektiivselt ja eemaldavad ka tugevama mustuse. Eriti sobilik struktuursetele p\u00f5randapindadele ja p\u00f5randaplaatidele. Katet v\u00f5ib pesta masinas 60\u00ba C juures, mitte kasutada pesuloputusvahendit. Vahetuskate ei kaota oma tooteomadusi ka korduva masinpesu j\u00e4rel.<\/p>\n","protected":false},"excerpt":{"rendered":"<p>Vahetuskate sobib Leifheit p\u00f5randapesijatele Twist System M ja Combi M. Paigaldamine kiire ja lihtne. Mikrofiiberkate valmistatud kahel erineval tasapinnal asetsevatest kiududest, mis puhastavad efektiivselt ja eemaldavad ka tugevama mustuse. Eriti sobilik struktuursetele p\u00f5randapindadele ja p\u00f5randaplaatidele. Katet v\u00f5ib pesta masinas 60\u00ba C juures, mitte kasutada pesuloputusvahendit. Vahetuskate ei kaota oma tooteomadusi ka korduva masinpesu j\u00e4rel.<\/p>\n","protected":false},"featured_media":12494,"comment_status":"closed","ping_status":"open","template":"","meta":{"_acf_changed":false},"product_brand":[472],"product_cat":[409,453],"product_tag":[],"class_list":{"0":"post-12493","1":"product","2":"type-product","3":"status-publish","4":"has-post-thumbnail","6":"product_brand-leifheit","7":"product_cat-koristustarvikud","8":"product_cat-porandapuhastus","9":"pa_kogus-1-tk","10":"pa_paritolumaa-saksamaa","11":"pa_uhik-tk","13":"first","14":"instock","15":"purchasable","16":"product-type-simple"},"acf":[],"_links":{"self":[{"href":"https:\/\/ursus.ee\/en\/wp-json\/wp\/v2\/product\/12493","targetHints":{"allow":["GET"]}}],"collection":[{"href":"https:\/\/ursus.ee\/en\/wp-json\/wp\/v2\/product"}],"about":[{"href":"https:\/\/ursus.ee\/en\/wp-json\/wp\/v2\/types\/product"}],"replies":[{"embeddable":true,"href":"https:\/\/ursus.ee\/en\/wp-json\/wp\/v2\/comments?post=12493"}],"wp:featuredmedia":[{"embeddable":true,"href":"https:\/\/ursus.ee\/en\/wp-json\/wp\/v2\/media\/12494"}],"wp:attachment":[{"href":"https:\/\/ursus.ee\/en\/wp-json\/wp\/v2\/media?parent=12493"}],"wp:term":[{"taxonomy":"product_brand","embeddable":true,"href":"https:\/\/ursus.ee\/en\/wp-json\/wp\/v2\/product_brand?post=12493"},{"taxonomy":"product_cat","embeddable":true,"href":"https:\/\/ursus.ee\/en\/wp-json\/wp\/v2\/product_cat?post=12493"},{"taxonomy":"product_tag","embeddable":true,"href":"https:\/\/ursus.ee\/en\/wp-json\/wp\/v2\/product_tag?post=12493"}],"curies":[{"name":"wp","href":"https:\/\/api.w.org\/{rel}","templated":true}]}}