{"id":12478,"date":"2025-12-16T18:36:11","date_gmt":"2025-12-16T16:36:11","guid":{"rendered":"https:\/\/ursus.ee\/toode\/porandapesu-komplekt-clean-twist-disc-mop-ergo-2\/"},"modified":"2026-03-27T16:19:51","modified_gmt":"2026-03-27T14:19:51","slug":"porandapesu-komplekt-clean-twist-disc-mop-ergo-2","status":"publish","type":"product","link":"https:\/\/ursus.ee\/en\/toode\/porandapesu-komplekt-clean-twist-disc-mop-ergo-2\/","title":{"rendered":"P\u00f5randapesu komplekt Clean Twist Disc Mop Ergo"},"content":{"rendered":"<p>Lihtne ja kergesti k\u00e4sitletav p\u00f6\u00f6rlemis(tsentrifuugimis)s\u00fcsteemiga komplekt (patenteeritud Leifheiti poolt), mida kasutades ei pea kummardama ega k\u00e4si m\u00e4rjaks tegema. Lihtsalt m\u00f5ned korrad vurritades, saab juba mopiotsiku piisavalt kuivaks! Sobib k\u00f5ikide p\u00f5randat\u00fc\u00fcpide puhastamiseks. Pikendatava teleskoopvarre (109 &#8211; 140cm) sees on unikaalne p\u00f6\u00f6rlemismehhanism, mille abil saab valida Teile sobiva kuivuse taseme kattele vastavalt sellele, kui palju vurritada. Lame 360\u00b0 liikuv otsik v\u00f5imaldab pesta ka raskesti ligip\u00e4\u00e4setavate kohtade, nagu kapi ja riiulite alt. \u00c4mbri mahutavus 6l.<\/p>\n","protected":false},"excerpt":{"rendered":"<p>Lihtne ja kergesti k\u00e4sitletav p\u00f6\u00f6rlemis(tsentrifuugimis)s\u00fcsteemiga komplekt (patenteeritud Leifheiti poolt), mida kasutades ei pea kummardama ega k\u00e4si m\u00e4rjaks tegema. Lihtsalt m\u00f5ned korrad vurritades, saab juba mopiotsiku piisavalt kuivaks! Sobib k\u00f5ikide p\u00f5randat\u00fc\u00fcpide puhastamiseks. Pikendatava teleskoopvarre (109 &#8211; 140cm) sees on unikaalne p\u00f6\u00f6rlemismehhanism, mille abil saab valida Teile sobiva kuivuse taseme kattele vastavalt sellele, kui palju vurritada. Lame<\/p>\n","protected":false},"featured_media":12479,"comment_status":"closed","ping_status":"open","template":"","meta":{"_acf_changed":false},"product_brand":[472],"product_cat":[409,453],"product_tag":[],"class_list":{"0":"post-12478","1":"product","2":"type-product","3":"status-publish","4":"has-post-thumbnail","6":"product_brand-leifheit","7":"product_cat-koristustarvikud","8":"product_cat-porandapuhastus","9":"pa_kogus-1-kompl","10":"pa_paritolumaa-saksamaa","11":"pa_uhik-kompl","13":"first","14":"instock","15":"purchasable","16":"product-type-simple"},"acf":[],"_links":{"self":[{"href":"https:\/\/ursus.ee\/en\/wp-json\/wp\/v2\/product\/12478","targetHints":{"allow":["GET"]}}],"collection":[{"href":"https:\/\/ursus.ee\/en\/wp-json\/wp\/v2\/product"}],"about":[{"href":"https:\/\/ursus.ee\/en\/wp-json\/wp\/v2\/types\/product"}],"replies":[{"embeddable":true,"href":"https:\/\/ursus.ee\/en\/wp-json\/wp\/v2\/comments?post=12478"}],"wp:featuredmedia":[{"embeddable":true,"href":"https:\/\/ursus.ee\/en\/wp-json\/wp\/v2\/media\/12479"}],"wp:attachment":[{"href":"https:\/\/ursus.ee\/en\/wp-json\/wp\/v2\/media?parent=12478"}],"wp:term":[{"taxonomy":"product_brand","embeddable":true,"href":"https:\/\/ursus.ee\/en\/wp-json\/wp\/v2\/product_brand?post=12478"},{"taxonomy":"product_cat","embeddable":true,"href":"https:\/\/ursus.ee\/en\/wp-json\/wp\/v2\/product_cat?post=12478"},{"taxonomy":"product_tag","embeddable":true,"href":"https:\/\/ursus.ee\/en\/wp-json\/wp\/v2\/product_tag?post=12478"}],"curies":[{"name":"wp","href":"https:\/\/api.w.org\/{rel}","templated":true}]}}