{"id":12469,"date":"2025-12-16T18:36:11","date_gmt":"2025-12-16T16:36:11","guid":{"rendered":"https:\/\/ursus.ee\/toode\/vahetuskate-clean-twist-m-ergo-supersoft-2\/"},"modified":"2026-03-27T16:19:52","modified_gmt":"2026-03-27T14:19:52","slug":"vahetuskate-clean-twist-m-ergo-supersoft-2","status":"publish","type":"product","link":"https:\/\/ursus.ee\/en\/toode\/vahetuskate-clean-twist-m-ergo-supersoft-2\/","title":{"rendered":"Vahetuskate Clean Twist M Ergo, supersoft"},"content":{"rendered":"<p>33cm vahetuskatte spetsiaalsed pol\u00fcesterkiud samaaegselt hooldavad ja puhastavad p\u00f5randat. Pol\u00fcesterkiud imavad minimaalselt vett ja on seega spetsiaalselt m\u00f5eldud laudp\u00f5randatele. Sobib \u00f5rnadele p\u00f5randapindadele: parkett-, laminaat-, laudp\u00f5randad, jne. Masinpesu 60\u00ba C juures, mitte kasutada pesuloputusvahendit. Katet on lihtne kinnitada ja eemaldada pesija k\u00fcljest.<\/p>\n","protected":false},"excerpt":{"rendered":"<p>33cm vahetuskatte spetsiaalsed pol\u00fcesterkiud samaaegselt hooldavad ja puhastavad p\u00f5randat. Pol\u00fcesterkiud imavad minimaalselt vett ja on seega spetsiaalselt m\u00f5eldud laudp\u00f5randatele. Sobib \u00f5rnadele p\u00f5randapindadele: parkett-, laminaat-, laudp\u00f5randad, jne. Masinpesu 60\u00ba C juures, mitte kasutada pesuloputusvahendit. Katet on lihtne kinnitada ja eemaldada pesija k\u00fcljest.<\/p>\n","protected":false},"featured_media":12470,"comment_status":"closed","ping_status":"open","template":"","meta":{"_acf_changed":false},"product_brand":[472],"product_cat":[409,453],"product_tag":[],"class_list":{"0":"post-12469","1":"product","2":"type-product","3":"status-publish","4":"has-post-thumbnail","6":"product_brand-leifheit","7":"product_cat-koristustarvikud","8":"product_cat-porandapuhastus","9":"pa_kogus-1-tk","10":"pa_paritolumaa-saksamaa","11":"pa_uhik-tk","13":"first","14":"instock","15":"purchasable","16":"product-type-simple"},"acf":[],"_links":{"self":[{"href":"https:\/\/ursus.ee\/en\/wp-json\/wp\/v2\/product\/12469","targetHints":{"allow":["GET"]}}],"collection":[{"href":"https:\/\/ursus.ee\/en\/wp-json\/wp\/v2\/product"}],"about":[{"href":"https:\/\/ursus.ee\/en\/wp-json\/wp\/v2\/types\/product"}],"replies":[{"embeddable":true,"href":"https:\/\/ursus.ee\/en\/wp-json\/wp\/v2\/comments?post=12469"}],"wp:featuredmedia":[{"embeddable":true,"href":"https:\/\/ursus.ee\/en\/wp-json\/wp\/v2\/media\/12470"}],"wp:attachment":[{"href":"https:\/\/ursus.ee\/en\/wp-json\/wp\/v2\/media?parent=12469"}],"wp:term":[{"taxonomy":"product_brand","embeddable":true,"href":"https:\/\/ursus.ee\/en\/wp-json\/wp\/v2\/product_brand?post=12469"},{"taxonomy":"product_cat","embeddable":true,"href":"https:\/\/ursus.ee\/en\/wp-json\/wp\/v2\/product_cat?post=12469"},{"taxonomy":"product_tag","embeddable":true,"href":"https:\/\/ursus.ee\/en\/wp-json\/wp\/v2\/product_tag?post=12469"}],"curies":[{"name":"wp","href":"https:\/\/api.w.org\/{rel}","templated":true}]}}