{"id":12466,"date":"2025-12-16T18:33:48","date_gmt":"2025-12-16T16:33:48","guid":{"rendered":"https:\/\/ursus.ee\/toode\/vahetuskate-clean-twist-m-ergo-micro-duo-2\/"},"modified":"2026-03-27T16:19:52","modified_gmt":"2026-03-27T14:19:52","slug":"vahetuskate-clean-twist-m-ergo-micro-duo-2","status":"publish","type":"product","link":"https:\/\/ursus.ee\/en\/toode\/vahetuskate-clean-twist-m-ergo-micro-duo-2\/","title":{"rendered":"Vahetuskate Clean Twist M Ergo, micro duo"},"content":{"rendered":"<p>Briljantselt puhtaks saavad ka k\u00f5ige mustemad p\u00f5randad. Sobib eriti h\u00e4sti kahhel- ja kivip\u00f5randatele. Vahetuskatte suurus 33cm. Kattes olevad puuvillakiud seovad h\u00e4sti vett ja seega sobib narmaskate v\u00e4ga h\u00e4sti m\u00e4rgpuhastuseks, spetsiaalsed harjased aga eemaldavad ka k\u00f5ige t\u00f5rksama mustuse. Masinpesu 40\u00ba C juures, mitte kasutada pesuloputusvahendit. Enne esimest kasutuskorda tuleks vahetuskatet pesta, et tagada suurep\u00e4rased tooteomadused<\/p>\n","protected":false},"excerpt":{"rendered":"<p>Briljantselt puhtaks saavad ka k\u00f5ige mustemad p\u00f5randad. Sobib eriti h\u00e4sti kahhel- ja kivip\u00f5randatele. Vahetuskatte suurus 33cm. Kattes olevad puuvillakiud seovad h\u00e4sti vett ja seega sobib narmaskate v\u00e4ga h\u00e4sti m\u00e4rgpuhastuseks, spetsiaalsed harjased aga eemaldavad ka k\u00f5ige t\u00f5rksama mustuse. Masinpesu 40\u00ba C juures, mitte kasutada pesuloputusvahendit. Enne esimest kasutuskorda tuleks vahetuskatet pesta, et tagada suurep\u00e4rased tooteomadused<\/p>\n","protected":false},"featured_media":12467,"comment_status":"closed","ping_status":"open","template":"","meta":{"_acf_changed":false},"product_brand":[472],"product_cat":[409,453],"product_tag":[],"class_list":{"0":"post-12466","1":"product","2":"type-product","3":"status-publish","4":"has-post-thumbnail","6":"product_brand-leifheit","7":"product_cat-koristustarvikud","8":"product_cat-porandapuhastus","9":"pa_kogus-1-tk","10":"pa_paritolumaa-saksamaa","11":"pa_uhik-tk","13":"first","14":"instock","15":"purchasable","16":"product-type-simple"},"acf":[],"_links":{"self":[{"href":"https:\/\/ursus.ee\/en\/wp-json\/wp\/v2\/product\/12466","targetHints":{"allow":["GET"]}}],"collection":[{"href":"https:\/\/ursus.ee\/en\/wp-json\/wp\/v2\/product"}],"about":[{"href":"https:\/\/ursus.ee\/en\/wp-json\/wp\/v2\/types\/product"}],"replies":[{"embeddable":true,"href":"https:\/\/ursus.ee\/en\/wp-json\/wp\/v2\/comments?post=12466"}],"wp:featuredmedia":[{"embeddable":true,"href":"https:\/\/ursus.ee\/en\/wp-json\/wp\/v2\/media\/12467"}],"wp:attachment":[{"href":"https:\/\/ursus.ee\/en\/wp-json\/wp\/v2\/media?parent=12466"}],"wp:term":[{"taxonomy":"product_brand","embeddable":true,"href":"https:\/\/ursus.ee\/en\/wp-json\/wp\/v2\/product_brand?post=12466"},{"taxonomy":"product_cat","embeddable":true,"href":"https:\/\/ursus.ee\/en\/wp-json\/wp\/v2\/product_cat?post=12466"},{"taxonomy":"product_tag","embeddable":true,"href":"https:\/\/ursus.ee\/en\/wp-json\/wp\/v2\/product_tag?post=12466"}],"curies":[{"name":"wp","href":"https:\/\/api.w.org\/{rel}","templated":true}]}}