{"id":12464,"date":"2025-12-16T18:33:48","date_gmt":"2025-12-16T16:33:48","guid":{"rendered":"https:\/\/ursus.ee\/toode\/press-soel-powerclean-m-ambrile-2\/"},"modified":"2026-03-27T16:19:52","modified_gmt":"2026-03-27T14:19:52","slug":"press-soel-powerclean-m-ambrile-2","status":"publish","type":"product","link":"https:\/\/ursus.ee\/en\/toode\/press-soel-powerclean-m-ambrile-2\/","title":{"rendered":"Press-s\u00f5el PowerClean M \u00e4mbrile"},"content":{"rendered":"<p>S\u00f5el sobib kasutamiseks Leifheit PowerClean \u00e4mbriga. Koos \u00e4mbriga kasutades saab selle muuta lihtsasti p\u00f5randapesukomplektiks. Juurde sobib PowerClean M p\u00f5randapesija. S\u00f5ela pressimismehhanism v\u00f5imaldab mopi kattest vee v\u00e4lja saada kiiresti ja mugavalt.<\/p>\n","protected":false},"excerpt":{"rendered":"<p>S\u00f5el sobib kasutamiseks Leifheit PowerClean \u00e4mbriga. Koos \u00e4mbriga kasutades saab selle muuta lihtsasti p\u00f5randapesukomplektiks. Juurde sobib PowerClean M p\u00f5randapesija. S\u00f5ela pressimismehhanism v\u00f5imaldab mopi kattest vee v\u00e4lja saada kiiresti ja mugavalt.<\/p>\n","protected":false},"featured_media":12465,"comment_status":"closed","ping_status":"open","template":"","meta":{"_acf_changed":false},"product_brand":[472],"product_cat":[409,453],"product_tag":[],"class_list":{"0":"post-12464","1":"product","2":"type-product","3":"status-publish","4":"has-post-thumbnail","6":"product_brand-leifheit","7":"product_cat-koristustarvikud","8":"product_cat-porandapuhastus","9":"pa_kogus-1-tk","10":"pa_paritolumaa-saksamaa","11":"pa_uhik-tk","13":"first","14":"instock","15":"purchasable","16":"product-type-simple"},"acf":[],"_links":{"self":[{"href":"https:\/\/ursus.ee\/en\/wp-json\/wp\/v2\/product\/12464","targetHints":{"allow":["GET"]}}],"collection":[{"href":"https:\/\/ursus.ee\/en\/wp-json\/wp\/v2\/product"}],"about":[{"href":"https:\/\/ursus.ee\/en\/wp-json\/wp\/v2\/types\/product"}],"replies":[{"embeddable":true,"href":"https:\/\/ursus.ee\/en\/wp-json\/wp\/v2\/comments?post=12464"}],"wp:featuredmedia":[{"embeddable":true,"href":"https:\/\/ursus.ee\/en\/wp-json\/wp\/v2\/media\/12465"}],"wp:attachment":[{"href":"https:\/\/ursus.ee\/en\/wp-json\/wp\/v2\/media?parent=12464"}],"wp:term":[{"taxonomy":"product_brand","embeddable":true,"href":"https:\/\/ursus.ee\/en\/wp-json\/wp\/v2\/product_brand?post=12464"},{"taxonomy":"product_cat","embeddable":true,"href":"https:\/\/ursus.ee\/en\/wp-json\/wp\/v2\/product_cat?post=12464"},{"taxonomy":"product_tag","embeddable":true,"href":"https:\/\/ursus.ee\/en\/wp-json\/wp\/v2\/product_tag?post=12464"}],"curies":[{"name":"wp","href":"https:\/\/api.w.org\/{rel}","templated":true}]}}