{"id":12462,"date":"2025-12-16T18:33:48","date_gmt":"2025-12-16T16:33:48","guid":{"rendered":"https:\/\/ursus.ee\/toode\/amber-powerclean-m-2\/"},"modified":"2026-03-27T16:19:52","modified_gmt":"2026-03-27T14:19:52","slug":"amber-powerclean-m-2","status":"publish","type":"product","link":"https:\/\/ursus.ee\/en\/toode\/amber-powerclean-m-2\/","title":{"rendered":"\u00c4mber PowerClean M"},"content":{"rendered":"<p>Ergonoomilise sangaga 10L universaalne majapidamis\u00e4mber. Mahutavus 10L. Kombineerides PoweClean M press-s\u00f5elaga saab kiiresti teha endale sobiv p\u00f5randapuhastuskomplekti. \u00c4mbrit saab v\u00e4ga lihtsalt t\u00fchjendada ilma segadust tekitamata t\u00e4nu spetsiaalsele valamis\u00e4\u00e4rele ja kergesti haaratavale servale.<\/p>\n","protected":false},"excerpt":{"rendered":"<p>Ergonoomilise sangaga 10L universaalne majapidamis\u00e4mber. Mahutavus 10L. Kombineerides PoweClean M press-s\u00f5elaga saab kiiresti teha endale sobiv p\u00f5randapuhastuskomplekti. \u00c4mbrit saab v\u00e4ga lihtsalt t\u00fchjendada ilma segadust tekitamata t\u00e4nu spetsiaalsele valamis\u00e4\u00e4rele ja kergesti haaratavale servale.<\/p>\n","protected":false},"featured_media":12463,"comment_status":"closed","ping_status":"open","template":"","meta":{"_acf_changed":false},"product_brand":[472],"product_cat":[409,453],"product_tag":[],"class_list":{"0":"post-12462","1":"product","2":"type-product","3":"status-publish","4":"has-post-thumbnail","6":"product_brand-leifheit","7":"product_cat-koristustarvikud","8":"product_cat-porandapuhastus","9":"pa_kogus-1-tk","10":"pa_paritolumaa-saksamaa","11":"pa_uhik-tk","13":"first","14":"instock","15":"purchasable","16":"product-type-simple"},"acf":[],"_links":{"self":[{"href":"https:\/\/ursus.ee\/en\/wp-json\/wp\/v2\/product\/12462","targetHints":{"allow":["GET"]}}],"collection":[{"href":"https:\/\/ursus.ee\/en\/wp-json\/wp\/v2\/product"}],"about":[{"href":"https:\/\/ursus.ee\/en\/wp-json\/wp\/v2\/types\/product"}],"replies":[{"embeddable":true,"href":"https:\/\/ursus.ee\/en\/wp-json\/wp\/v2\/comments?post=12462"}],"wp:featuredmedia":[{"embeddable":true,"href":"https:\/\/ursus.ee\/en\/wp-json\/wp\/v2\/media\/12463"}],"wp:attachment":[{"href":"https:\/\/ursus.ee\/en\/wp-json\/wp\/v2\/media?parent=12462"}],"wp:term":[{"taxonomy":"product_brand","embeddable":true,"href":"https:\/\/ursus.ee\/en\/wp-json\/wp\/v2\/product_brand?post=12462"},{"taxonomy":"product_cat","embeddable":true,"href":"https:\/\/ursus.ee\/en\/wp-json\/wp\/v2\/product_cat?post=12462"},{"taxonomy":"product_tag","embeddable":true,"href":"https:\/\/ursus.ee\/en\/wp-json\/wp\/v2\/product_tag?post=12462"}],"curies":[{"name":"wp","href":"https:\/\/api.w.org\/{rel}","templated":true}]}}