{"id":12458,"date":"2025-12-16T18:33:48","date_gmt":"2025-12-16T16:33:48","guid":{"rendered":"https:\/\/ursus.ee\/toode\/porandapesija-powerclean-m-microduo-2\/"},"modified":"2026-03-27T16:19:52","modified_gmt":"2026-03-27T14:19:52","slug":"porandapesija-powerclean-m-microduo-2","status":"publish","type":"product","link":"https:\/\/ursus.ee\/en\/toode\/porandapesija-powerclean-m-microduo-2\/","title":{"rendered":"P\u00f5randapesija PowerClean M microduo"},"content":{"rendered":"<p>P\u00f5randapesija t\u00f5husaks ja kiireks koristuseks. Kate: masinpestav 60\u00b0C juures kuni 200 pesumasinats\u00fcklit. Kate on talla k\u00fclge lihtsasti kinnitatav takja- ja taskus\u00fcsteemi abil. Vars: Tugev terasest k\u00e4epide libisemisvastase korgiga ja ideaalne 150 cm t\u00f6\u00f6pikkus. Lamedalt kokkupandav 360\u00b0 p\u00f6\u00f6rlev liigend vilgaks p\u00fchkimiseks ka raskesti ligip\u00e4\u00e4setavates kohtades. Jalaga avatav mopitald. 3-aastane garantii.<\/p>\n","protected":false},"excerpt":{"rendered":"<p>P\u00f5randapesija t\u00f5husaks ja kiireks koristuseks. Kate: masinpestav 60\u00b0C juures kuni 200 pesumasinats\u00fcklit. Kate on talla k\u00fclge lihtsasti kinnitatav takja- ja taskus\u00fcsteemi abil. Vars: Tugev terasest k\u00e4epide libisemisvastase korgiga ja ideaalne 150 cm t\u00f6\u00f6pikkus. Lamedalt kokkupandav 360\u00b0 p\u00f6\u00f6rlev liigend vilgaks p\u00fchkimiseks ka raskesti ligip\u00e4\u00e4setavates kohtades. Jalaga avatav mopitald. 3-aastane garantii.<\/p>\n","protected":false},"featured_media":12459,"comment_status":"closed","ping_status":"closed","template":"","meta":{"_acf_changed":false},"product_brand":[472],"product_cat":[409,453],"product_tag":[],"class_list":{"0":"post-12458","1":"product","2":"type-product","3":"status-publish","4":"has-post-thumbnail","6":"product_brand-leifheit","7":"product_cat-koristustarvikud","8":"product_cat-porandapuhastus","9":"pa_kogus-1-tk","10":"pa_paritolumaa-saksamaa","11":"pa_uhik-tk","13":"first","14":"instock","15":"purchasable","16":"product-type-simple"},"acf":[],"_links":{"self":[{"href":"https:\/\/ursus.ee\/en\/wp-json\/wp\/v2\/product\/12458","targetHints":{"allow":["GET"]}}],"collection":[{"href":"https:\/\/ursus.ee\/en\/wp-json\/wp\/v2\/product"}],"about":[{"href":"https:\/\/ursus.ee\/en\/wp-json\/wp\/v2\/types\/product"}],"replies":[{"embeddable":true,"href":"https:\/\/ursus.ee\/en\/wp-json\/wp\/v2\/comments?post=12458"}],"wp:featuredmedia":[{"embeddable":true,"href":"https:\/\/ursus.ee\/en\/wp-json\/wp\/v2\/media\/12459"}],"wp:attachment":[{"href":"https:\/\/ursus.ee\/en\/wp-json\/wp\/v2\/media?parent=12458"}],"wp:term":[{"taxonomy":"product_brand","embeddable":true,"href":"https:\/\/ursus.ee\/en\/wp-json\/wp\/v2\/product_brand?post=12458"},{"taxonomy":"product_cat","embeddable":true,"href":"https:\/\/ursus.ee\/en\/wp-json\/wp\/v2\/product_cat?post=12458"},{"taxonomy":"product_tag","embeddable":true,"href":"https:\/\/ursus.ee\/en\/wp-json\/wp\/v2\/product_tag?post=12458"}],"curies":[{"name":"wp","href":"https:\/\/api.w.org\/{rel}","templated":true}]}}