{"id":12456,"date":"2025-12-16T18:33:48","date_gmt":"2025-12-16T16:33:48","guid":{"rendered":"https:\/\/ursus.ee\/toode\/porandapesukomplekt-power-clean-2\/"},"modified":"2026-03-27T16:19:51","modified_gmt":"2026-03-27T14:19:51","slug":"porandapesukomplekt-power-clean-2","status":"publish","type":"product","link":"https:\/\/ursus.ee\/en\/toode\/porandapesukomplekt-power-clean-2\/","title":{"rendered":"P\u00f5randapesukomplekt Power Clean"},"content":{"rendered":"<p>Leifheiti POWER CLEAN M p\u00f5randapuhastaja komplekt sisaldab k\u00f5ike p\u00f5hjalikuks puhastamiseks vajalikku.<br \/>\nMustus eemaldatakse usaldusv\u00e4\u00e4rselt mikro-duo p\u00f5randapesijakatte ja pesija talla uuendusliku kombinatsiooni abil.<br \/>\nKompaktne v\u00e4\u00e4najaga mopi\u00e4mber teeb p\u00f5randa puhastamise kiireks ja lihtsaks.<br \/>\nMugav koristada ilma kummardamata ja mitte panna k\u00e4si m\u00e4\u00e4rdunud vette.<br \/>\n\u00c4mbrit saab v\u00e4ga lihtsalt t\u00fchjendada ilma segadust tekitamata t\u00e4nu spetsiaalsele valamis\u00e4\u00e4rele ja kergesti haaratavale servale.<br \/>\nUniversaalne Click System v\u00f5imaldab k\u00e4epideme ja alusplaadiga kombineerida paljusid teisi Leifheiti tooteid.<br \/>\nKa pressi saab \u00e4mbrilt eemaldada mugavalt ning kasutada \u00e4mbrit muudeks majapidamist\u00f6\u00f6deks.<br \/>\n\u00c4mbri mahutavus 10L.<br \/>\nKate: masinpestav 60\u00b0C juures kuni 200 pesumasinats\u00fcklit.<br \/>\nVars: Tugev terasest k\u00e4epide libisemisvastase korgiga ja ideaalne 148 cm t\u00f6\u00f6pikkus.<br \/>\nMopi talla lamedalt kokkupandav 360\u00b0 p\u00f6\u00f6rlev liigend v\u00f5imaldab p\u00fchkida ka raskesti ligip\u00e4\u00e4setavates kohtades. Jalaga avatav mopitald.<br \/>\n3-aastane garantii.<\/p>\n","protected":false},"excerpt":{"rendered":"<p>Leifheiti POWER CLEAN M p\u00f5randapuhastaja komplekt sisaldab k\u00f5ike p\u00f5hjalikuks puhastamiseks vajalikku. Mustus eemaldatakse usaldusv\u00e4\u00e4rselt mikro-duo p\u00f5randapesijakatte ja pesija talla uuendusliku kombinatsiooni abil. Kompaktne v\u00e4\u00e4najaga mopi\u00e4mber teeb p\u00f5randa puhastamise kiireks ja lihtsaks. Mugav koristada ilma kummardamata ja mitte panna k\u00e4si m\u00e4\u00e4rdunud vette. \u00c4mbrit saab v\u00e4ga lihtsalt t\u00fchjendada ilma segadust tekitamata t\u00e4nu spetsiaalsele valamis\u00e4\u00e4rele ja kergesti haaratavale<\/p>\n","protected":false},"featured_media":12457,"comment_status":"closed","ping_status":"open","template":"","meta":{"_acf_changed":false},"product_brand":[472],"product_cat":[409,453],"product_tag":[],"class_list":{"0":"post-12456","1":"product","2":"type-product","3":"status-publish","4":"has-post-thumbnail","6":"product_brand-leifheit","7":"product_cat-koristustarvikud","8":"product_cat-porandapuhastus","9":"pa_kogus-1-kompl","10":"pa_paritolumaa-saksamaa","11":"pa_uhik-kompl","13":"first","14":"instock","15":"purchasable","16":"product-type-simple"},"acf":[],"_links":{"self":[{"href":"https:\/\/ursus.ee\/en\/wp-json\/wp\/v2\/product\/12456","targetHints":{"allow":["GET"]}}],"collection":[{"href":"https:\/\/ursus.ee\/en\/wp-json\/wp\/v2\/product"}],"about":[{"href":"https:\/\/ursus.ee\/en\/wp-json\/wp\/v2\/types\/product"}],"replies":[{"embeddable":true,"href":"https:\/\/ursus.ee\/en\/wp-json\/wp\/v2\/comments?post=12456"}],"wp:featuredmedia":[{"embeddable":true,"href":"https:\/\/ursus.ee\/en\/wp-json\/wp\/v2\/media\/12457"}],"wp:attachment":[{"href":"https:\/\/ursus.ee\/en\/wp-json\/wp\/v2\/media?parent=12456"}],"wp:term":[{"taxonomy":"product_brand","embeddable":true,"href":"https:\/\/ursus.ee\/en\/wp-json\/wp\/v2\/product_brand?post=12456"},{"taxonomy":"product_cat","embeddable":true,"href":"https:\/\/ursus.ee\/en\/wp-json\/wp\/v2\/product_cat?post=12456"},{"taxonomy":"product_tag","embeddable":true,"href":"https:\/\/ursus.ee\/en\/wp-json\/wp\/v2\/product_tag?post=12456"}],"curies":[{"name":"wp","href":"https:\/\/api.w.org\/{rel}","templated":true}]}}