{"id":12451,"date":"2025-12-16T18:33:48","date_gmt":"2025-12-16T16:33:48","guid":{"rendered":"https:\/\/ursus.ee\/toode\/porandapesija-picobello-xl-extrasoft-vahetuskate-2\/"},"modified":"2026-03-27T15:55:36","modified_gmt":"2026-03-27T13:55:36","slug":"porandapesija-picobello-xl-extrasoft-vahetuskate-2","status":"publish","type":"product","link":"https:\/\/ursus.ee\/en\/toode\/porandapesija-picobello-xl-extrasoft-vahetuskate-2\/","title":{"rendered":"P\u00f5randapesija Picobello XL ExtraSoft vahetuskate"},"content":{"rendered":"<p>Vahetuskatte spetsiaalsed pol\u00fcesterkiud samaaegselt hooldavad ja puhastavad p\u00f5randat. Sobib \u00f5rnadele p\u00f5randapindadele: parkett-, laminaat-, laudp\u00f5randad, jne. Vahetuskatte laius 33cm. Pol\u00fcesterkiud imavad minimaalselt vett ja on seega spetsiaalselt m\u00f5eldud laudp\u00f5randatele. Masinpesu 40\u00ba C juures, mitte kasutada pesuloputusvahendit<\/p>\n","protected":false},"excerpt":{"rendered":"<p>Vahetuskatte spetsiaalsed pol\u00fcesterkiud samaaegselt hooldavad ja puhastavad p\u00f5randat. Sobib \u00f5rnadele p\u00f5randapindadele: parkett-, laminaat-, laudp\u00f5randad, jne. Vahetuskatte laius 33cm. Pol\u00fcesterkiud imavad minimaalselt vett ja on seega spetsiaalselt m\u00f5eldud laudp\u00f5randatele. Masinpesu 40\u00ba C juures, mitte kasutada pesuloputusvahendit<\/p>\n","protected":false},"featured_media":12452,"comment_status":"closed","ping_status":"closed","template":"","meta":{"_acf_changed":false},"product_brand":[472],"product_cat":[409,453],"product_tag":[],"class_list":{"0":"post-12451","1":"product","2":"type-product","3":"status-publish","4":"has-post-thumbnail","6":"product_brand-leifheit","7":"product_cat-koristustarvikud","8":"product_cat-porandapuhastus","9":"pa_kogus-1-tk","10":"pa_paritolumaa-saksamaa","11":"pa_uhik-tk","13":"first","14":"instock","15":"purchasable","16":"product-type-simple"},"acf":[],"_links":{"self":[{"href":"https:\/\/ursus.ee\/en\/wp-json\/wp\/v2\/product\/12451","targetHints":{"allow":["GET"]}}],"collection":[{"href":"https:\/\/ursus.ee\/en\/wp-json\/wp\/v2\/product"}],"about":[{"href":"https:\/\/ursus.ee\/en\/wp-json\/wp\/v2\/types\/product"}],"replies":[{"embeddable":true,"href":"https:\/\/ursus.ee\/en\/wp-json\/wp\/v2\/comments?post=12451"}],"wp:featuredmedia":[{"embeddable":true,"href":"https:\/\/ursus.ee\/en\/wp-json\/wp\/v2\/media\/12452"}],"wp:attachment":[{"href":"https:\/\/ursus.ee\/en\/wp-json\/wp\/v2\/media?parent=12451"}],"wp:term":[{"taxonomy":"product_brand","embeddable":true,"href":"https:\/\/ursus.ee\/en\/wp-json\/wp\/v2\/product_brand?post=12451"},{"taxonomy":"product_cat","embeddable":true,"href":"https:\/\/ursus.ee\/en\/wp-json\/wp\/v2\/product_cat?post=12451"},{"taxonomy":"product_tag","embeddable":true,"href":"https:\/\/ursus.ee\/en\/wp-json\/wp\/v2\/product_tag?post=12451"}],"curies":[{"name":"wp","href":"https:\/\/api.w.org\/{rel}","templated":true}]}}