{"id":12446,"date":"2025-12-16T18:33:48","date_gmt":"2025-12-16T16:33:48","guid":{"rendered":"https:\/\/ursus.ee\/toode\/porandapesija-picobello-m-microduo-2\/"},"modified":"2026-03-27T16:19:52","modified_gmt":"2026-03-27T14:19:52","slug":"porandapesija-picobello-m-microduo-2","status":"publish","type":"product","link":"https:\/\/ursus.ee\/en\/toode\/porandapesija-picobello-m-microduo-2\/","title":{"rendered":"P\u00f5randapesija Picobello M MicroDuo"},"content":{"rendered":"<p>Leifheit Picobello p\u00f5randapesija on v\u00e4ikesem\u00f5\u00f5tmeline ja kompaktne, kuid seejuures siiski efektiivne. Ideaalne v\u00e4iksemate pindade (vannituba, koridor, trepid) kiireks puhastuseks ja mustuse eemaldamiseks ruumide nurkadest, treppidelt, kappide alt. P\u00f5randapesija otsiku v\u00e4\u00e4namiseks ei ole vaja kummarduda ega k\u00e4si m\u00e4rjaks teha. Selleks on p\u00f5randapesija varrel spetsiaalne pressimehhanism, mis kerge t\u00f5mbega v\u00e4\u00e4nab p\u00f5randapesija kattest \u00fcleliigse pesuvee. Picobello p\u00f5randapesija koos spetsiaalse Micro Duo 2-faasilise mikrofiiberkattega eemaldab p\u00f5randatelt ka k\u00f5ige jonnakama mustuse mugavalt ja lihtsalt. Micro Duo kate on valmistatud selliselt, et katte spetsiaalsed kiud ulatuvad ka erinevate pindade vahedesse ning puhastavad mustuse kerge vaevaga k\u00f5ikidelt p\u00f5randat\u00fc\u00fcpidelt. T\u00e4nu h\u00e4stiliikuvale varre ja otsiku \u00fchenduskohale on selle p\u00f5randapesijaga mugav puhastada \u00fcmber esemete (tooli- ja lauajalad) ning m\u00f6\u00f6bli alt (diivanid, voodid, kapid jne). Ka suuremaid p\u00f5randapindu on v\u00f5imalik puhastada kiirelt ja lihtsalt, otsiku laius 33 cm. Lisavarustusena on v\u00f5imalik Leifheit Picobello p\u00f5randapesijale soetada Extra Soft vahetuskate eriti \u00f5rnadele ja niiskust mittetaluvatele p\u00f5randapindadele ning Cotton Plus puuvillakiududest vahetuskate plaaditud pindadele ja kivip\u00f5randatele (ei kuulu komplekti). P\u00f5randapesija kate kinnitub varele kindlalt kr\u00f5pskinnituse abil ning on sealt kergesti eemaldatav. Picobello p\u00f5randapesija vahetuskate on pestav 30\u00b0C juures. Mitte kasutada pesuloputusvahendit ega pehmendajat.<\/p>\n","protected":false},"excerpt":{"rendered":"<p>Leifheit Picobello p\u00f5randapesija on v\u00e4ikesem\u00f5\u00f5tmeline ja kompaktne, kuid seejuures siiski efektiivne. Ideaalne v\u00e4iksemate pindade (vannituba, koridor, trepid) kiireks puhastuseks ja mustuse eemaldamiseks ruumide nurkadest, treppidelt, kappide alt. P\u00f5randapesija otsiku v\u00e4\u00e4namiseks ei ole vaja kummarduda ega k\u00e4si m\u00e4rjaks teha. Selleks on p\u00f5randapesija varrel spetsiaalne pressimehhanism, mis kerge t\u00f5mbega v\u00e4\u00e4nab p\u00f5randapesija kattest \u00fcleliigse pesuvee. Picobello p\u00f5randapesija koos<\/p>\n","protected":false},"featured_media":12447,"comment_status":"closed","ping_status":"closed","template":"","meta":{"_acf_changed":false},"product_brand":[472],"product_cat":[409,453],"product_tag":[],"class_list":{"0":"post-12446","1":"product","2":"type-product","3":"status-publish","4":"has-post-thumbnail","6":"product_brand-leifheit","7":"product_cat-koristustarvikud","8":"product_cat-porandapuhastus","9":"pa_kogus-1-tk","10":"pa_paritolumaa-saksamaa","11":"pa_uhik-tk","13":"first","14":"instock","15":"purchasable","16":"product-type-simple"},"acf":[],"_links":{"self":[{"href":"https:\/\/ursus.ee\/en\/wp-json\/wp\/v2\/product\/12446","targetHints":{"allow":["GET"]}}],"collection":[{"href":"https:\/\/ursus.ee\/en\/wp-json\/wp\/v2\/product"}],"about":[{"href":"https:\/\/ursus.ee\/en\/wp-json\/wp\/v2\/types\/product"}],"replies":[{"embeddable":true,"href":"https:\/\/ursus.ee\/en\/wp-json\/wp\/v2\/comments?post=12446"}],"wp:featuredmedia":[{"embeddable":true,"href":"https:\/\/ursus.ee\/en\/wp-json\/wp\/v2\/media\/12447"}],"wp:attachment":[{"href":"https:\/\/ursus.ee\/en\/wp-json\/wp\/v2\/media?parent=12446"}],"wp:term":[{"taxonomy":"product_brand","embeddable":true,"href":"https:\/\/ursus.ee\/en\/wp-json\/wp\/v2\/product_brand?post=12446"},{"taxonomy":"product_cat","embeddable":true,"href":"https:\/\/ursus.ee\/en\/wp-json\/wp\/v2\/product_cat?post=12446"},{"taxonomy":"product_tag","embeddable":true,"href":"https:\/\/ursus.ee\/en\/wp-json\/wp\/v2\/product_tag?post=12446"}],"curies":[{"name":"wp","href":"https:\/\/api.w.org\/{rel}","templated":true}]}}