{"id":12443,"date":"2025-12-16T18:33:48","date_gmt":"2025-12-16T16:33:48","guid":{"rendered":"https:\/\/ursus.ee\/toode\/porandapesija-piccolo-m-microduo-vahetuskate-2\/"},"modified":"2026-03-27T16:19:52","modified_gmt":"2026-03-27T14:19:52","slug":"porandapesija-piccolo-m-microduo-vahetuskate-2","status":"publish","type":"product","link":"https:\/\/ursus.ee\/en\/toode\/porandapesija-piccolo-m-microduo-vahetuskate-2\/","title":{"rendered":"P\u00f5randapesija Piccolo M MicroDuo vahetuskate"},"content":{"rendered":"<p>Spetsiaalsed pol\u00fcamiidkiud teevad koristamise lihtsamaks ja tagavad suurep\u00e4rase puhtuse. Sobib k\u00f5ikidele p\u00f5randapindadele. Vahetuskatte laius 27cm. V\u00e4ga hea vee ja mustuse imamisv\u00f5ime. Kahe erineva tugevusastmega kiud tagavad paremad koristamistulemused.<\/p>\n","protected":false},"excerpt":{"rendered":"<p>Spetsiaalsed pol\u00fcamiidkiud teevad koristamise lihtsamaks ja tagavad suurep\u00e4rase puhtuse. Sobib k\u00f5ikidele p\u00f5randapindadele. Vahetuskatte laius 27cm. V\u00e4ga hea vee ja mustuse imamisv\u00f5ime. Kahe erineva tugevusastmega kiud tagavad paremad koristamistulemused.<\/p>\n","protected":false},"featured_media":12444,"comment_status":"closed","ping_status":"open","template":"","meta":{"_acf_changed":false},"product_brand":[472],"product_cat":[409,453],"product_tag":[],"class_list":{"0":"post-12443","1":"product","2":"type-product","3":"status-publish","4":"has-post-thumbnail","6":"product_brand-leifheit","7":"product_cat-koristustarvikud","8":"product_cat-porandapuhastus","9":"pa_kogus-1-tk","10":"pa_paritolumaa-saksamaa","11":"pa_uhik-tk","13":"first","14":"instock","15":"purchasable","16":"product-type-simple"},"acf":[],"_links":{"self":[{"href":"https:\/\/ursus.ee\/en\/wp-json\/wp\/v2\/product\/12443","targetHints":{"allow":["GET"]}}],"collection":[{"href":"https:\/\/ursus.ee\/en\/wp-json\/wp\/v2\/product"}],"about":[{"href":"https:\/\/ursus.ee\/en\/wp-json\/wp\/v2\/types\/product"}],"replies":[{"embeddable":true,"href":"https:\/\/ursus.ee\/en\/wp-json\/wp\/v2\/comments?post=12443"}],"wp:featuredmedia":[{"embeddable":true,"href":"https:\/\/ursus.ee\/en\/wp-json\/wp\/v2\/media\/12444"}],"wp:attachment":[{"href":"https:\/\/ursus.ee\/en\/wp-json\/wp\/v2\/media?parent=12443"}],"wp:term":[{"taxonomy":"product_brand","embeddable":true,"href":"https:\/\/ursus.ee\/en\/wp-json\/wp\/v2\/product_brand?post=12443"},{"taxonomy":"product_cat","embeddable":true,"href":"https:\/\/ursus.ee\/en\/wp-json\/wp\/v2\/product_cat?post=12443"},{"taxonomy":"product_tag","embeddable":true,"href":"https:\/\/ursus.ee\/en\/wp-json\/wp\/v2\/product_tag?post=12443"}],"curies":[{"name":"wp","href":"https:\/\/api.w.org\/{rel}","templated":true}]}}